{"id":14409,"date":"2022-10-06T15:43:31","date_gmt":"2022-10-06T18:43:31","guid":{"rendered":"https:\/\/stayfit.com.ar\/?post_type=product&#038;p=14409"},"modified":"2026-03-27T09:22:32","modified_gmt":"2026-03-27T12:22:32","slug":"mtor-bcaa","status":"publish","type":"product","link":"https:\/\/stayfit.com.ar\/?product=mtor-bcaa","title":{"rendered":"MTOR BCAA 270gr STAR NUTRITION"},"content":{"rendered":"<p>INGREDIENTES: L-Leucina, L-Glutamina, L-Citrulina Malato, \u00c1cido C\u00edtrico, L-Valina, L-Isoleucina, Sodio Citrato, ARO: sabor *seg\u00fan corresponda, Cloruro de Potasio, \u00c1cido M\u00e1lico, Cloruro de Sodio, EDU: Sucralosa (27mg\/100cm3), EDU: Potasio Acesulfamo (10mg\/100cm3), Colorante, Vitamina B6 (Piridoxina).<br \/>\nMODO DE USO: Como suplemento dietario mezclar 1 porci\u00f3n (13,5g \/1 scoop) en 500cm3 de agua fr\u00eda (ajustar la porci\u00f3n a su preferencia).<br \/>\nEn los d\u00edas de entrenamiento consumir 1 porci\u00f3n durante el entrenamiento y 1 porci\u00f3n luego del mismo.<br \/>\nEn los d\u00edas en los que no hay entrenamiento consumir 1 porci\u00f3n al d\u00eda.<br \/>\nPara mejores resultados consumir diariamente.<br \/>\nCONT: 270 GR<\/p>\n","protected":false},"excerpt":{"rendered":"<p>DENOMINACI\u00d3N:<br \/>\nSuplemento dietario en polvo diet\u00e9tico para preparar bebida a base de amino\u00e1cidos.<br \/>\n270G | 20 SERV. | REPLENISHES ELECTROLYTES<\/p>\n","protected":false},"featured_media":14423,"template":"","meta":{"_monsterinsights_skip_tracking":false,"_monsterinsights_sitenote_active":false,"_monsterinsights_sitenote_note":"","_monsterinsights_sitenote_category":0},"product_brand":[],"product_cat":[124,129],"product_tag":[130,131],"class_list":{"0":"post-14409","1":"product","2":"type-product","3":"status-publish","4":"has-post-thumbnail","6":"product_cat-aminoacidos","7":"product_cat-star-nutrition","8":"product_tag-aminoacido-star-nutrition","9":"product_tag-star-nutrition-mtor-bcaa","11":"first","12":"instock","13":"taxable","14":"shipping-taxable","15":"purchasable","16":"product-type-variable"},"_links":{"self":[{"href":"https:\/\/stayfit.com.ar\/index.php?rest_route=\/wp\/v2\/product\/14409","targetHints":{"allow":["GET"]}}],"collection":[{"href":"https:\/\/stayfit.com.ar\/index.php?rest_route=\/wp\/v2\/product"}],"about":[{"href":"https:\/\/stayfit.com.ar\/index.php?rest_route=\/wp\/v2\/types\/product"}],"wp:featuredmedia":[{"embeddable":true,"href":"https:\/\/stayfit.com.ar\/index.php?rest_route=\/wp\/v2\/media\/14423"}],"wp:attachment":[{"href":"https:\/\/stayfit.com.ar\/index.php?rest_route=%2Fwp%2Fv2%2Fmedia&parent=14409"}],"wp:term":[{"taxonomy":"product_brand","embeddable":true,"href":"https:\/\/stayfit.com.ar\/index.php?rest_route=%2Fwp%2Fv2%2Fproduct_brand&post=14409"},{"taxonomy":"product_cat","embeddable":true,"href":"https:\/\/stayfit.com.ar\/index.php?rest_route=%2Fwp%2Fv2%2Fproduct_cat&post=14409"},{"taxonomy":"product_tag","embeddable":true,"href":"https:\/\/stayfit.com.ar\/index.php?rest_route=%2Fwp%2Fv2%2Fproduct_tag&post=14409"}],"curies":[{"name":"wp","href":"https:\/\/api.w.org\/{rel}","templated":true}]}}