{"id":14437,"date":"2022-10-06T16:36:55","date_gmt":"2022-10-06T19:36:55","guid":{"rendered":"https:\/\/stayfit.com.ar\/?post_type=product&#038;p=14437"},"modified":"2026-03-27T09:22:28","modified_gmt":"2026-03-27T12:22:28","slug":"bcaa-2000-120-caps","status":"publish","type":"product","link":"https:\/\/stayfit.com.ar\/?product=bcaa-2000-120-caps","title":{"rendered":"BCAA 2000 120caps STAR NUTRITION"},"content":{"rendered":"<p>INGREDIENTES: COMPLEJO BCAA (Amino\u00e1cidos de Cadena Ramificada Ultra Micronizados) Compuesto de L-Leucina, L-Valina, L-Isoleucina, Vitamina C, Piridoxina B6 y Riboflavina B2.<br \/>\nMODO DE USO: Consumir 1 porci\u00f3n diaria (4 c\u00e1psulas) o como lo indique su m\u00e9dico.<br \/>\nCONT: 120 capsulas<\/p>\n","protected":false},"excerpt":{"rendered":"<p>DENOMINACI\u00d3N:<br \/>\nSuplemento dietario a base de amino\u00e1cidos de cadena ramificada, vitaminas B6, B2 y C.<br \/>\n120 C\u00c1P. | 30 SERV. | 2000MG X SERV<\/p>\n","protected":false},"featured_media":14444,"template":"","meta":{"_monsterinsights_skip_tracking":false,"_monsterinsights_sitenote_active":false,"_monsterinsights_sitenote_note":"","_monsterinsights_sitenote_category":0},"product_brand":[],"product_cat":[124,129],"product_tag":[130,132],"class_list":{"0":"post-14437","1":"product","2":"type-product","3":"status-publish","4":"has-post-thumbnail","6":"product_cat-aminoacidos","7":"product_cat-star-nutrition","8":"product_tag-aminoacido-star-nutrition","9":"product_tag-star-nutrition-bcaa-2000","11":"first","12":"instock","13":"taxable","14":"shipping-taxable","15":"purchasable","16":"product-type-simple"},"_links":{"self":[{"href":"https:\/\/stayfit.com.ar\/index.php?rest_route=\/wp\/v2\/product\/14437","targetHints":{"allow":["GET"]}}],"collection":[{"href":"https:\/\/stayfit.com.ar\/index.php?rest_route=\/wp\/v2\/product"}],"about":[{"href":"https:\/\/stayfit.com.ar\/index.php?rest_route=\/wp\/v2\/types\/product"}],"wp:featuredmedia":[{"embeddable":true,"href":"https:\/\/stayfit.com.ar\/index.php?rest_route=\/wp\/v2\/media\/14444"}],"wp:attachment":[{"href":"https:\/\/stayfit.com.ar\/index.php?rest_route=%2Fwp%2Fv2%2Fmedia&parent=14437"}],"wp:term":[{"taxonomy":"product_brand","embeddable":true,"href":"https:\/\/stayfit.com.ar\/index.php?rest_route=%2Fwp%2Fv2%2Fproduct_brand&post=14437"},{"taxonomy":"product_cat","embeddable":true,"href":"https:\/\/stayfit.com.ar\/index.php?rest_route=%2Fwp%2Fv2%2Fproduct_cat&post=14437"},{"taxonomy":"product_tag","embeddable":true,"href":"https:\/\/stayfit.com.ar\/index.php?rest_route=%2Fwp%2Fv2%2Fproduct_tag&post=14437"}],"curies":[{"name":"wp","href":"https:\/\/api.w.org\/{rel}","templated":true}]}}