{"id":14447,"date":"2022-10-06T16:48:05","date_gmt":"2022-10-06T19:48:05","guid":{"rendered":"https:\/\/stayfit.com.ar\/?post_type=product&#038;p=14447"},"modified":"2026-04-14T21:16:08","modified_gmt":"2026-04-15T00:16:08","slug":"hydro-pro-bcaa-360gr","status":"publish","type":"product","link":"https:\/\/stayfit.com.ar\/?product=hydro-pro-bcaa-360gr","title":{"rendered":"HYDRO PRO BCAA 360gr XTRENGHT"},"content":{"rendered":"<p>HYDRO BCAA:\u00a0 fue desarrollado cient\u00edficamente por XTRENGHT\u00a0 para maximizar el crecimiento y la recuperaci\u00f3n muscular luego de entrenamientos intensos. Es una f\u00f3rmula innovadora compuesta por 6gr. de amino\u00e1cidos de cadena ramificada y est\u00e1 potenciada con 1 gr Beta alanina y Citrulina que act\u00faan como defatigantes musculares, permiti\u00e9ndote entrenar por m\u00e1s tiempo.<br \/>\nBENEFICIOS:<\/p>\n<ul>\n<li>M\u00e1xima regeneraci\u00f3n muscular<\/li>\n<li>Efecto anticatab\u00f3lico: previene p\u00e9rdida de masa muscular<\/li>\n<li>Excelente desfatigante<\/li>\n<\/ul>\n<p>CONT: 360 GR<\/p>\n","protected":false},"excerpt":{"rendered":"<p>DENOMINACI\u00d3N:<br \/>\nSuplemento dietario en polvo diet\u00e9tico para preparar bebida a base de amino\u00e1cidos.<br \/>\n360Gr | 30 SERV.<\/p>\n","protected":false},"featured_media":14454,"template":"","meta":{"_monsterinsights_skip_tracking":false,"_monsterinsights_sitenote_active":false,"_monsterinsights_sitenote_note":"","_monsterinsights_sitenote_category":0},"product_brand":[],"product_cat":[124,133],"product_tag":[134,135],"class_list":{"0":"post-14447","1":"product","2":"type-product","3":"status-publish","4":"has-post-thumbnail","6":"product_cat-aminoacidos","7":"product_cat-xtrenght","8":"product_tag-aminoacidos-xtrenght","9":"product_tag-hydro-bcaa","11":"first","12":"instock","13":"taxable","14":"shipping-taxable","15":"purchasable","16":"product-type-variable"},"_links":{"self":[{"href":"https:\/\/stayfit.com.ar\/index.php?rest_route=\/wp\/v2\/product\/14447","targetHints":{"allow":["GET"]}}],"collection":[{"href":"https:\/\/stayfit.com.ar\/index.php?rest_route=\/wp\/v2\/product"}],"about":[{"href":"https:\/\/stayfit.com.ar\/index.php?rest_route=\/wp\/v2\/types\/product"}],"wp:featuredmedia":[{"embeddable":true,"href":"https:\/\/stayfit.com.ar\/index.php?rest_route=\/wp\/v2\/media\/14454"}],"wp:attachment":[{"href":"https:\/\/stayfit.com.ar\/index.php?rest_route=%2Fwp%2Fv2%2Fmedia&parent=14447"}],"wp:term":[{"taxonomy":"product_brand","embeddable":true,"href":"https:\/\/stayfit.com.ar\/index.php?rest_route=%2Fwp%2Fv2%2Fproduct_brand&post=14447"},{"taxonomy":"product_cat","embeddable":true,"href":"https:\/\/stayfit.com.ar\/index.php?rest_route=%2Fwp%2Fv2%2Fproduct_cat&post=14447"},{"taxonomy":"product_tag","embeddable":true,"href":"https:\/\/stayfit.com.ar\/index.php?rest_route=%2Fwp%2Fv2%2Fproduct_tag&post=14447"}],"curies":[{"name":"wp","href":"https:\/\/api.w.org\/{rel}","templated":true}]}}