{"id":14475,"date":"2022-10-06T17:26:23","date_gmt":"2022-10-06T20:26:23","guid":{"rendered":"https:\/\/stayfit.com.ar\/?post_type=product&#038;p=14475"},"modified":"2026-04-07T23:47:28","modified_gmt":"2026-04-08T02:47:28","slug":"aminoacido-12-1-1-120capsulas","status":"publish","type":"product","link":"https:\/\/stayfit.com.ar\/?product=aminoacido-12-1-1-120capsulas","title":{"rendered":"AMINOACIDO 2:1:1 90caps ENA"},"content":{"rendered":"<p>NUEVA F\u00d3RMULA MEJORADA QUE AYUDA A MEJORAR LA RECUPERACI\u00d3N MUSCULAR.<br \/>\nDise\u00f1ado para personas que realizan actividad f\u00edsica intensa, ya que colabora con la construcci\u00f3n, reparaci\u00f3n y mantenimiento de los m\u00fasculos. BCAA es un excelente recuperador, elaborado con amino\u00e1cidos ramificados, esenciales y cristalinos en forma de &#8220;L&#8221; que mejoran el desarrollo muscular y disminuyen la degradaci\u00f3n de prote\u00ednas durante los ejercicios.<\/p>\n<p>Modo de uso: Consumir 3 c\u00e1psulas diarias 30 minutos despu\u00e9s del entrenamiento.<\/p>\n","protected":false},"excerpt":{"rendered":"<p>DENOMINACI\u00d3N:<br \/>\nSuplemento dietario a base de amino\u00e1cidos<br \/>\n90 C\u00c1P.\u00a0<\/p>\n","protected":false},"featured_media":14481,"template":"","meta":{"_monsterinsights_skip_tracking":false,"_monsterinsights_sitenote_active":false,"_monsterinsights_sitenote_note":"","_monsterinsights_sitenote_category":0},"product_brand":[],"product_cat":[124,137],"product_tag":[138],"class_list":{"0":"post-14475","1":"product","2":"type-product","3":"status-publish","4":"has-post-thumbnail","6":"product_cat-aminoacidos","7":"product_cat-ena","8":"product_tag-aminoacidos-ena","10":"first","11":"instock","12":"taxable","13":"shipping-taxable","14":"purchasable","15":"product-type-simple"},"_links":{"self":[{"href":"https:\/\/stayfit.com.ar\/index.php?rest_route=\/wp\/v2\/product\/14475","targetHints":{"allow":["GET"]}}],"collection":[{"href":"https:\/\/stayfit.com.ar\/index.php?rest_route=\/wp\/v2\/product"}],"about":[{"href":"https:\/\/stayfit.com.ar\/index.php?rest_route=\/wp\/v2\/types\/product"}],"wp:featuredmedia":[{"embeddable":true,"href":"https:\/\/stayfit.com.ar\/index.php?rest_route=\/wp\/v2\/media\/14481"}],"wp:attachment":[{"href":"https:\/\/stayfit.com.ar\/index.php?rest_route=%2Fwp%2Fv2%2Fmedia&parent=14475"}],"wp:term":[{"taxonomy":"product_brand","embeddable":true,"href":"https:\/\/stayfit.com.ar\/index.php?rest_route=%2Fwp%2Fv2%2Fproduct_brand&post=14475"},{"taxonomy":"product_cat","embeddable":true,"href":"https:\/\/stayfit.com.ar\/index.php?rest_route=%2Fwp%2Fv2%2Fproduct_cat&post=14475"},{"taxonomy":"product_tag","embeddable":true,"href":"https:\/\/stayfit.com.ar\/index.php?rest_route=%2Fwp%2Fv2%2Fproduct_tag&post=14475"}],"curies":[{"name":"wp","href":"https:\/\/api.w.org\/{rel}","templated":true}]}}