{"id":14478,"date":"2022-10-06T17:33:46","date_gmt":"2022-10-06T20:33:46","guid":{"rendered":"https:\/\/stayfit.com.ar\/?post_type=product&#038;p=14478"},"modified":"2026-05-08T00:17:18","modified_gmt":"2026-05-08T03:17:18","slug":"bcaa-1211","status":"publish","type":"product","link":"https:\/\/stayfit.com.ar\/?product=bcaa-1211","title":{"rendered":"BCAA 12:1:1 120caps ENA"},"content":{"rendered":"<p>CON UN S\u00daPER R\u00c1TIO DE AMINO\u00c1CIDOS RAMIFICADOS<br \/>\nDise\u00f1ado para personas que realizan actividad f\u00edsica intensa, ya que colabora con la construcci\u00f3n, reparaci\u00f3n y mantenimiento de los m\u00fasculos. BCAA 12:1.1 es un excelente recuperador, elaborado con un s\u00faper ratio de amino\u00e1cidos ramificados, aportando 1800 mg de L-Leucina por porci\u00f3n, que mejoran el desarrollo muscular y disminuyen la degradaci\u00f3n de prote\u00ednas durante los ejercicios.<br \/>\nMODO DE USO: Consumir 4 c\u00e1psulas diarias, 30 minutos despu\u00e9s del entrenamiento.<\/p>\n","protected":false},"excerpt":{"rendered":"<p>DENOMINACI\u00d3N:<br \/>\nSuplemento dietario a base de amino\u00e1cidos<br \/>\n120 C\u00c1P.\u00a0<\/p>\n","protected":false},"featured_media":14479,"template":"","meta":{"_monsterinsights_skip_tracking":false,"_monsterinsights_sitenote_active":false,"_monsterinsights_sitenote_note":"","_monsterinsights_sitenote_category":0},"product_brand":[],"product_cat":[124,137],"product_tag":[],"class_list":{"0":"post-14478","1":"product","2":"type-product","3":"status-publish","4":"has-post-thumbnail","6":"product_cat-aminoacidos","7":"product_cat-ena","9":"first","10":"instock","11":"taxable","12":"shipping-taxable","13":"purchasable","14":"product-type-simple"},"_links":{"self":[{"href":"https:\/\/stayfit.com.ar\/index.php?rest_route=\/wp\/v2\/product\/14478","targetHints":{"allow":["GET"]}}],"collection":[{"href":"https:\/\/stayfit.com.ar\/index.php?rest_route=\/wp\/v2\/product"}],"about":[{"href":"https:\/\/stayfit.com.ar\/index.php?rest_route=\/wp\/v2\/types\/product"}],"wp:featuredmedia":[{"embeddable":true,"href":"https:\/\/stayfit.com.ar\/index.php?rest_route=\/wp\/v2\/media\/14479"}],"wp:attachment":[{"href":"https:\/\/stayfit.com.ar\/index.php?rest_route=%2Fwp%2Fv2%2Fmedia&parent=14478"}],"wp:term":[{"taxonomy":"product_brand","embeddable":true,"href":"https:\/\/stayfit.com.ar\/index.php?rest_route=%2Fwp%2Fv2%2Fproduct_brand&post=14478"},{"taxonomy":"product_cat","embeddable":true,"href":"https:\/\/stayfit.com.ar\/index.php?rest_route=%2Fwp%2Fv2%2Fproduct_cat&post=14478"},{"taxonomy":"product_tag","embeddable":true,"href":"https:\/\/stayfit.com.ar\/index.php?rest_route=%2Fwp%2Fv2%2Fproduct_tag&post=14478"}],"curies":[{"name":"wp","href":"https:\/\/api.w.org\/{rel}","templated":true}]}}