{"id":14483,"date":"2022-10-06T17:43:26","date_gmt":"2022-10-06T20:43:26","guid":{"rendered":"https:\/\/stayfit.com.ar\/?post_type=product&#038;p=14483"},"modified":"2026-05-08T00:17:18","modified_gmt":"2026-05-08T03:17:18","slug":"amino-4500","status":"publish","type":"product","link":"https:\/\/stayfit.com.ar\/?product=amino-4500","title":{"rendered":"AMINO 4500 150caps ENA"},"content":{"rendered":"<p>F\u00d3RMULA QUE AYUDA A MEJORAR LA RECUPERACI\u00d3N MUSCULAR.<br \/>\nFavorece el crecimiento y la recuperaci\u00f3n muscular post work. Es la perfecta mezcla de amino\u00e1cidos para ayudar a aquellos que quieren entrenar m\u00e1s fuerte y recuperarse m\u00e1s r\u00e1pido. Usado despu\u00e9s del entrenamiento, acelera la recuperaci\u00f3n y maximiza el crecimiento muscular. Formulado con ingredientes de alta calidad, ayuda a todos los atletas a volverse fuertes, mantenerse saludables y en forma.<\/p>\n<p>Modo de uso: Ingesta diaria m\u00e1xima: 10 tabletas. Tomar de 3 a 5 tabletas 2 horas antes del almuerzo y 3 a 5 tabletas 2 horas antes de la cena o bien antes y despu\u00e9s de entrenar.<\/p>\n","protected":false},"excerpt":{"rendered":"<p>DENOMINACI\u00d3N:<br \/>\nSuplemento dietario a base de amino\u00e1cidos<br \/>\n150 C\u00c1P.\u00a0<\/p>\n","protected":false},"featured_media":14484,"template":"","meta":{"_monsterinsights_skip_tracking":false,"_monsterinsights_sitenote_active":false,"_monsterinsights_sitenote_note":"","_monsterinsights_sitenote_category":0},"product_brand":[],"product_cat":[124,137],"product_tag":[138],"class_list":{"0":"post-14483","1":"product","2":"type-product","3":"status-publish","4":"has-post-thumbnail","6":"product_cat-aminoacidos","7":"product_cat-ena","8":"product_tag-aminoacidos-ena","10":"first","11":"instock","12":"taxable","13":"shipping-taxable","14":"purchasable","15":"product-type-simple"},"_links":{"self":[{"href":"https:\/\/stayfit.com.ar\/index.php?rest_route=\/wp\/v2\/product\/14483","targetHints":{"allow":["GET"]}}],"collection":[{"href":"https:\/\/stayfit.com.ar\/index.php?rest_route=\/wp\/v2\/product"}],"about":[{"href":"https:\/\/stayfit.com.ar\/index.php?rest_route=\/wp\/v2\/types\/product"}],"wp:featuredmedia":[{"embeddable":true,"href":"https:\/\/stayfit.com.ar\/index.php?rest_route=\/wp\/v2\/media\/14484"}],"wp:attachment":[{"href":"https:\/\/stayfit.com.ar\/index.php?rest_route=%2Fwp%2Fv2%2Fmedia&parent=14483"}],"wp:term":[{"taxonomy":"product_brand","embeddable":true,"href":"https:\/\/stayfit.com.ar\/index.php?rest_route=%2Fwp%2Fv2%2Fproduct_brand&post=14483"},{"taxonomy":"product_cat","embeddable":true,"href":"https:\/\/stayfit.com.ar\/index.php?rest_route=%2Fwp%2Fv2%2Fproduct_cat&post=14483"},{"taxonomy":"product_tag","embeddable":true,"href":"https:\/\/stayfit.com.ar\/index.php?rest_route=%2Fwp%2Fv2%2Fproduct_tag&post=14483"}],"curies":[{"name":"wp","href":"https:\/\/api.w.org\/{rel}","templated":true}]}}