{"id":14486,"date":"2022-10-06T17:52:50","date_gmt":"2022-10-06T20:52:50","guid":{"rendered":"https:\/\/stayfit.com.ar\/?post_type=product&#038;p=14486"},"modified":"2026-04-11T15:51:34","modified_gmt":"2026-04-11T18:51:34","slug":"amino-gold","status":"publish","type":"product","link":"https:\/\/stayfit.com.ar\/?product=amino-gold","title":{"rendered":"AMINO GOLD 280gr GOLD NUTRITION"},"content":{"rendered":"<p>PRESENTACI\u00d3N:<br \/>\nEn polvo 280gs sabor Grapefruit<br \/>\nMODO DE USO:<br \/>\nDiluir en un Shaker Gold Nutrition,\u00a01 porci\u00f3n (14gr) en 300 ml de agua fr\u00eda,\u00a0batir en\u00e9rgicamente y consumir<\/p>\n<p>DOSIS RECOMENDADA:<br \/>\nSe recomienda consumir 1 porci\u00f3n, inmediatamente despu\u00e9s del entrenamiento, o en cualquier momento del d\u00eda alejado de las comidas.<\/p>\n","protected":false},"excerpt":{"rendered":"<p>DENOMINACI\u00d3N:<br \/>\ntiene mejor asimilaci\u00f3n que otros amino\u00e1cidos combinando una proporci\u00f3n \u00f3ptima de amino\u00e1cidos de absorci\u00f3n r\u00e1pida (BCAA 8.1.1) con Glutamina,\u00a0 Alanina, Taurina e ingredientes potenciadores del \u00d3xido N\u00edtrico para ayudarte a alcanzar tus objetivos.<\/p>\n","protected":false},"featured_media":14489,"template":"","meta":{"_monsterinsights_skip_tracking":false,"_monsterinsights_sitenote_active":false,"_monsterinsights_sitenote_note":"","_monsterinsights_sitenote_category":0},"product_brand":[],"product_cat":[124,141],"product_tag":[143,142],"class_list":{"0":"post-14486","1":"product","2":"type-product","3":"status-publish","4":"has-post-thumbnail","6":"product_cat-aminoacidos","7":"product_cat-gold-nutrition","8":"product_tag-amino-gold","9":"product_tag-aminoacidos-gold-nutrition","11":"first","12":"instock","13":"taxable","14":"shipping-taxable","15":"purchasable","16":"product-type-variable"},"_links":{"self":[{"href":"https:\/\/stayfit.com.ar\/index.php?rest_route=\/wp\/v2\/product\/14486","targetHints":{"allow":["GET"]}}],"collection":[{"href":"https:\/\/stayfit.com.ar\/index.php?rest_route=\/wp\/v2\/product"}],"about":[{"href":"https:\/\/stayfit.com.ar\/index.php?rest_route=\/wp\/v2\/types\/product"}],"wp:featuredmedia":[{"embeddable":true,"href":"https:\/\/stayfit.com.ar\/index.php?rest_route=\/wp\/v2\/media\/14489"}],"wp:attachment":[{"href":"https:\/\/stayfit.com.ar\/index.php?rest_route=%2Fwp%2Fv2%2Fmedia&parent=14486"}],"wp:term":[{"taxonomy":"product_brand","embeddable":true,"href":"https:\/\/stayfit.com.ar\/index.php?rest_route=%2Fwp%2Fv2%2Fproduct_brand&post=14486"},{"taxonomy":"product_cat","embeddable":true,"href":"https:\/\/stayfit.com.ar\/index.php?rest_route=%2Fwp%2Fv2%2Fproduct_cat&post=14486"},{"taxonomy":"product_tag","embeddable":true,"href":"https:\/\/stayfit.com.ar\/index.php?rest_route=%2Fwp%2Fv2%2Fproduct_tag&post=14486"}],"curies":[{"name":"wp","href":"https:\/\/api.w.org\/{rel}","templated":true}]}}