{"id":14495,"date":"2022-10-06T18:12:04","date_gmt":"2022-10-06T21:12:04","guid":{"rendered":"https:\/\/stayfit.com.ar\/?post_type=product&#038;p=14495"},"modified":"2025-11-24T15:47:06","modified_gmt":"2025-11-24T18:47:06","slug":"bcaa-amino-powder","status":"publish","type":"product","link":"https:\/\/stayfit.com.ar\/?product=bcaa-amino-powder","title":{"rendered":"<strong>BCAA AMINO POWDER 280gr BODY ADVANCE<\/strong>"},"content":{"rendered":"<p>DESCRIPCION:\u00a0Suplemento dietario con BCAA (amino\u00e1cidos de cadena ramificada L-leucina, L-isoleucina y L-valina, en una proporci\u00f3n espec\u00edfica de 8:1:1), tirosina, beta-alanina, col\u00e1geno hidrolizado y vitamina b3, , para una excelente performance y recuperaci\u00f3n.<br \/>\nAyudar a aumentar la replicaci\u00f3n de c\u00e9lulas musculares a trav\u00e9s del incremento de nutrientes, facilitando su transporte y absorci\u00f3n en el organismo.<br \/>\nContribuye a un aumento de la congesti\u00f3n muscular. Ayuda a incrementar la hipertrofia muscular y a lograr una mayor focalizaci\u00f3n y fuerza durante el ejercicio. Colabora con una mayor vasodilataci\u00f3n.<\/p>\n<p>MODO DE USO:\u00a0Mezclar 2 cucharas (scoops) en un shaker Body Advance, con 300 ml de agua y tomar antes\/durante el entrenamiento.<br \/>\nCONT:\u00a0280 GR<\/p>\n","protected":false},"excerpt":{"rendered":"<p>DENOMINACI\u00d3N:<br \/>\nSUPLEMENTO DIETARIO DIET\u00c9TICO A BASE DE LEUCINA, BETA ALANINA, VALINA, ISOLEUCINA, TIROSINA, COL\u00c1GENO HIDROLIZADO Y VITAMINA B3, EN POLVODESCRIPCION<\/p>\n","protected":false},"featured_media":14498,"template":"","meta":{"_monsterinsights_skip_tracking":false,"_monsterinsights_sitenote_active":false,"_monsterinsights_sitenote_note":"","_monsterinsights_sitenote_category":0},"product_brand":[],"product_cat":[124,126],"product_tag":[145,128],"class_list":{"0":"post-14495","1":"product","2":"type-product","3":"status-publish","4":"has-post-thumbnail","6":"product_cat-aminoacidos","7":"product_cat-body-advance","8":"product_tag-aminoacidos-body-advance","9":"product_tag-bcaa-amino-powder","11":"first","12":"instock","13":"taxable","14":"shipping-taxable","15":"purchasable","16":"product-type-variable"},"_links":{"self":[{"href":"https:\/\/stayfit.com.ar\/index.php?rest_route=\/wp\/v2\/product\/14495","targetHints":{"allow":["GET"]}}],"collection":[{"href":"https:\/\/stayfit.com.ar\/index.php?rest_route=\/wp\/v2\/product"}],"about":[{"href":"https:\/\/stayfit.com.ar\/index.php?rest_route=\/wp\/v2\/types\/product"}],"wp:featuredmedia":[{"embeddable":true,"href":"https:\/\/stayfit.com.ar\/index.php?rest_route=\/wp\/v2\/media\/14498"}],"wp:attachment":[{"href":"https:\/\/stayfit.com.ar\/index.php?rest_route=%2Fwp%2Fv2%2Fmedia&parent=14495"}],"wp:term":[{"taxonomy":"product_brand","embeddable":true,"href":"https:\/\/stayfit.com.ar\/index.php?rest_route=%2Fwp%2Fv2%2Fproduct_brand&post=14495"},{"taxonomy":"product_cat","embeddable":true,"href":"https:\/\/stayfit.com.ar\/index.php?rest_route=%2Fwp%2Fv2%2Fproduct_cat&post=14495"},{"taxonomy":"product_tag","embeddable":true,"href":"https:\/\/stayfit.com.ar\/index.php?rest_route=%2Fwp%2Fv2%2Fproduct_tag&post=14495"}],"curies":[{"name":"wp","href":"https:\/\/api.w.org\/{rel}","templated":true}]}}