{"id":14529,"date":"2022-10-07T17:36:22","date_gmt":"2022-10-07T20:36:22","guid":{"rendered":"https:\/\/stayfit.com.ar\/?post_type=product&#038;p=14529"},"modified":"2026-03-27T09:22:35","modified_gmt":"2026-03-27T12:22:35","slug":"iso-whey-ripped-2lbs-copia","status":"publish","type":"product","link":"https:\/\/stayfit.com.ar\/?product=iso-whey-ripped-2lbs-copia","title":{"rendered":"<strong>ISO WHEY RIPPED 2lbs STAR NUTRITION<\/strong>"},"content":{"rendered":"<p>DESCRIPCION: Compuesta por ultra concentrado, aislado e hidrolizado de suero de m\u00e1xima pureza, obtenido por m\u00e9todos no agresivos que garantizan la calidad y estabilidad del producto.<br \/>\nSu agradable sabor y alta disoluci\u00f3n lo determinan en la opci\u00f3n inteligente a la hora de agregar prote\u00ednas de alto valor deportivo biol\u00f3gico a nuestra dieta, o como parte de un programa nutricional.<br \/>\n100% PROTE\u00cdNA Fuente natural de amino\u00e1cidos esenciales, amino\u00e1cidos de cadena ramificada y Glutamina.<br \/>\nMODO DE USO: Mezclar 1 medida (32 g) de Iso Whey Ripped Evolution en 300cm3 de agua fr\u00eda o leche descremada.<br \/>\nConsumir Iso Whey Ripped Evolution entre 30 y 60 minutos antes de las dos comidas m\u00e1s importantes del d\u00eda.<br \/>\nPara mejores resultados:<br \/>\nUilizar este producto en conjunto con una dieta y un plan de entrenamiento.<\/p>\n","protected":false},"excerpt":{"rendered":"<p>Suplemento diet\u00e9tico a base de aislado de prote\u00ednas de suero l\u00e1cteo, extractos naturales y \u00e1cido linoleico conjugado.<br \/>\n908 g (2 libras) |\u00a030 SERVICIOS\u00a0|\u00a022G DE PROTE\u00cdNA X SERV.<\/p>\n","protected":false},"featured_media":14503,"template":"","meta":{"_monsterinsights_skip_tracking":false,"_monsterinsights_sitenote_active":false,"_monsterinsights_sitenote_note":"","_monsterinsights_sitenote_category":0},"product_brand":[],"product_cat":[146,129],"product_tag":[],"class_list":{"0":"post-14529","1":"product","2":"type-product","3":"status-publish","4":"has-post-thumbnail","6":"product_cat-proteinas","7":"product_cat-star-nutrition","9":"first","10":"instock","11":"taxable","12":"shipping-taxable","13":"product-type-variable"},"_links":{"self":[{"href":"https:\/\/stayfit.com.ar\/index.php?rest_route=\/wp\/v2\/product\/14529","targetHints":{"allow":["GET"]}}],"collection":[{"href":"https:\/\/stayfit.com.ar\/index.php?rest_route=\/wp\/v2\/product"}],"about":[{"href":"https:\/\/stayfit.com.ar\/index.php?rest_route=\/wp\/v2\/types\/product"}],"wp:featuredmedia":[{"embeddable":true,"href":"https:\/\/stayfit.com.ar\/index.php?rest_route=\/wp\/v2\/media\/14503"}],"wp:attachment":[{"href":"https:\/\/stayfit.com.ar\/index.php?rest_route=%2Fwp%2Fv2%2Fmedia&parent=14529"}],"wp:term":[{"taxonomy":"product_brand","embeddable":true,"href":"https:\/\/stayfit.com.ar\/index.php?rest_route=%2Fwp%2Fv2%2Fproduct_brand&post=14529"},{"taxonomy":"product_cat","embeddable":true,"href":"https:\/\/stayfit.com.ar\/index.php?rest_route=%2Fwp%2Fv2%2Fproduct_cat&post=14529"},{"taxonomy":"product_tag","embeddable":true,"href":"https:\/\/stayfit.com.ar\/index.php?rest_route=%2Fwp%2Fv2%2Fproduct_tag&post=14529"}],"curies":[{"name":"wp","href":"https:\/\/api.w.org\/{rel}","templated":true}]}}