{"id":14535,"date":"2022-10-07T17:57:50","date_gmt":"2022-10-07T20:57:50","guid":{"rendered":"https:\/\/stayfit.com.ar\/?post_type=product&#038;p=14535"},"modified":"2026-03-27T09:22:35","modified_gmt":"2026-03-27T12:22:35","slug":"nitro-whey-2lbs","status":"publish","type":"product","link":"https:\/\/stayfit.com.ar\/?product=nitro-whey-2lbs","title":{"rendered":"<strong>NITRO WHEY 2lbs STAR NUTRITION<\/strong>"},"content":{"rendered":"<p>DESCRIPCION: LA PROTE\u00cdNA M\u00c1S COMPLETA<br \/>\nPara todos aquellos deportistas que solo consumen un suplemento, sin tener que pensar a toda hora qu\u00e9 producto deben consumir, les presentamos:<br \/>\nNITRO WHEY de STAR NUTRITION, el \u201ctodo en uno\u201d m\u00e1s completo del mercado.<br \/>\nConsiste en un aislado y concentrado de proteinas de suero lacteo de maxima pureza, muy bajo en carbohidratos y sin agregados de azucar.<br \/>\nSTAR NUTRITION NITRO WHEY est\u00e1 potenciado adem\u00e1s con Creatina Monohidrato, Beta Alanina, Amino\u00e1cidos de cadena ramificada y enzimas digestivas, adem\u00e1s de un exclusivo probi\u00f3tico.\u00a0Todo esto la convierte en la Prote\u00edna m\u00e1s completa.<br \/>\nCada servicio de 36gr contiene 29gr de pura prote\u00edna de suero ultra concentrado, 3gr de Creatina, 1gr de Beta Alanina, 4gr de Amino\u00e1cidos de cadena ramificada (en forma libre y como fuente de la prote\u00edna), y la incre\u00edble cantidad de 8,92gr de Glutamina (en forma libre y como fuente de la prote\u00edna).<br \/>\nSi comienzas un nuevo ciclo de entrenamiento, no lo dudes, NITRO WHEY es tu mejor opci\u00f3n.<br \/>\nMODO DE USO: Mezclar 1 medida de Nitro Whey en 300cm3 de agua o leche descremada o como lo indique su m\u00e9dico.<\/p>\n","protected":false},"excerpt":{"rendered":"<p>Suplemento diet\u00e9tico en polvo diet\u00e9tico para preparar bebida a base de prote\u00ednas de suero.<br \/>\n2 LIBRAS |\u00a030 SERVICIOS\u00a0|\u00a025GR DE PROTE\u00cdNA X SERV.<\/p>\n","protected":false},"featured_media":14541,"template":"","meta":{"_monsterinsights_skip_tracking":false,"_monsterinsights_sitenote_active":false,"_monsterinsights_sitenote_note":"","_monsterinsights_sitenote_category":0},"product_brand":[],"product_cat":[146,129],"product_tag":[],"class_list":{"0":"post-14535","1":"product","2":"type-product","3":"status-publish","4":"has-post-thumbnail","6":"product_cat-proteinas","7":"product_cat-star-nutrition","9":"first","10":"instock","11":"taxable","12":"shipping-taxable","13":"purchasable","14":"product-type-variable"},"_links":{"self":[{"href":"https:\/\/stayfit.com.ar\/index.php?rest_route=\/wp\/v2\/product\/14535","targetHints":{"allow":["GET"]}}],"collection":[{"href":"https:\/\/stayfit.com.ar\/index.php?rest_route=\/wp\/v2\/product"}],"about":[{"href":"https:\/\/stayfit.com.ar\/index.php?rest_route=\/wp\/v2\/types\/product"}],"wp:featuredmedia":[{"embeddable":true,"href":"https:\/\/stayfit.com.ar\/index.php?rest_route=\/wp\/v2\/media\/14541"}],"wp:attachment":[{"href":"https:\/\/stayfit.com.ar\/index.php?rest_route=%2Fwp%2Fv2%2Fmedia&parent=14535"}],"wp:term":[{"taxonomy":"product_brand","embeddable":true,"href":"https:\/\/stayfit.com.ar\/index.php?rest_route=%2Fwp%2Fv2%2Fproduct_brand&post=14535"},{"taxonomy":"product_cat","embeddable":true,"href":"https:\/\/stayfit.com.ar\/index.php?rest_route=%2Fwp%2Fv2%2Fproduct_cat&post=14535"},{"taxonomy":"product_tag","embeddable":true,"href":"https:\/\/stayfit.com.ar\/index.php?rest_route=%2Fwp%2Fv2%2Fproduct_tag&post=14535"}],"curies":[{"name":"wp","href":"https:\/\/api.w.org\/{rel}","templated":true}]}}