{"id":14558,"date":"2022-10-07T18:35:12","date_gmt":"2022-10-07T21:35:12","guid":{"rendered":"https:\/\/stayfit.com.ar\/?post_type=product&#038;p=14558"},"modified":"2026-04-14T20:50:40","modified_gmt":"2026-04-14T23:50:40","slug":"advance-whey-2lbs","status":"publish","type":"product","link":"https:\/\/stayfit.com.ar\/?product=advance-whey-2lbs","title":{"rendered":"<strong>ADVANCE WHEY 2lbs XTRENGHT<\/strong>"},"content":{"rendered":"<p style=\"text-align: right;\">DESCRIPCION:<br \/>\nEs el blend de whey protein con mejor calidad y pureza del mercado, gracias a que contiene Whey Protein Isolate (WPI), la prote\u00edna de suero de mayor pureza a nivel mundial, Whey Protein Hydrolysate (WPH), la de asimilaci\u00f3n m\u00e1s r\u00e1pida y Whey Protein Concentrate (WPC), la m\u00e1s equilibrada. Juntas son una combinaci\u00f3n perfecta, resultando un producto de enorme calidad, con elevada asimilaci\u00f3n asegur\u00e1ndote una r\u00e1pida recuperaci\u00f3n y crecimiento muscular.<br \/>\n-WHEY PROTEIN ISOLATE. EXCELENCIA. El m\u00e1s puro y el mejor de todos. Tiene 92% de prote\u00ednas, asimilaci\u00f3n perfecta y m\u00ednimas cantidades de grasas y lactosa.<br \/>\n-WHEY PROTEIN HYDROSYLATE: RAPIDA ASIMILACION. En los hidrolizados las prote\u00ednas son m\u00e1s peque\u00f1as e ingresan mucho m\u00e1s r\u00e1pido al organismo, acelerando la recuperaci\u00f3n muscular.<br \/>\n-WHEY PROTEIN CONCENTRATE. EQUILIBRADO. Aporte \u00f3ptimo de prote\u00ednas. Alto contenido de amino\u00e1cidos de cadena ramificada (BCAA). Bajo en grasas y lactosa.<br \/>\nMODO DE USO: \u00a0Agregar 1 medida colmada de ADVANCE WHEY\u00a0\u00a0en 200 ml de agua o leche fr\u00eda. Mezclar directamente en un vaso con una cuchara o mezclar en una licuadora o shaker durante unos 15 segundos.<br \/>\nTomar 2-3 porciones diarias.<br \/>\nEXTRA:<br \/>\nADVANCED WHEY \u00a0esta formulado para quienes buscan un salto de calidad a la hora de aumentar su ingesta de prote\u00ednas.<br \/>\nSi necesitas ganar masa muscular o incrementar tu resistencia, es una excelente opci\u00f3n.<br \/>\nTambi\u00e9n podes incorporarlo en planes nutricionales para disminuir de peso, ya que ADVANCED WHEY puede tomarse en colaciones y es un suplemento perfecto para ponerte en forma, gracias a sus baj\u00edsimos niveles de calor\u00edas.<\/p>\n","protected":false},"excerpt":{"rendered":"<p>Suplemento diet\u00e9tico en polvo para preparar bebida a base de prote\u00ednas de suero.<br \/>\n2 LIBRAS |\u00a030 SERVICIOS\u00a0|\u00a025GR DE PROTE\u00cdNA X SERV.<\/p>\n","protected":false},"featured_media":14564,"template":"","meta":{"_monsterinsights_skip_tracking":false,"_monsterinsights_sitenote_active":false,"_monsterinsights_sitenote_note":"","_monsterinsights_sitenote_category":0},"product_brand":[],"product_cat":[146,133],"product_tag":[],"class_list":{"0":"post-14558","1":"product","2":"type-product","3":"status-publish","4":"has-post-thumbnail","6":"product_cat-proteinas","7":"product_cat-xtrenght","9":"first","10":"instock","11":"taxable","12":"shipping-taxable","13":"purchasable","14":"product-type-variable"},"_links":{"self":[{"href":"https:\/\/stayfit.com.ar\/index.php?rest_route=\/wp\/v2\/product\/14558","targetHints":{"allow":["GET"]}}],"collection":[{"href":"https:\/\/stayfit.com.ar\/index.php?rest_route=\/wp\/v2\/product"}],"about":[{"href":"https:\/\/stayfit.com.ar\/index.php?rest_route=\/wp\/v2\/types\/product"}],"wp:featuredmedia":[{"embeddable":true,"href":"https:\/\/stayfit.com.ar\/index.php?rest_route=\/wp\/v2\/media\/14564"}],"wp:attachment":[{"href":"https:\/\/stayfit.com.ar\/index.php?rest_route=%2Fwp%2Fv2%2Fmedia&parent=14558"}],"wp:term":[{"taxonomy":"product_brand","embeddable":true,"href":"https:\/\/stayfit.com.ar\/index.php?rest_route=%2Fwp%2Fv2%2Fproduct_brand&post=14558"},{"taxonomy":"product_cat","embeddable":true,"href":"https:\/\/stayfit.com.ar\/index.php?rest_route=%2Fwp%2Fv2%2Fproduct_cat&post=14558"},{"taxonomy":"product_tag","embeddable":true,"href":"https:\/\/stayfit.com.ar\/index.php?rest_route=%2Fwp%2Fv2%2Fproduct_tag&post=14558"}],"curies":[{"name":"wp","href":"https:\/\/api.w.org\/{rel}","templated":true}]}}