{"id":14566,"date":"2022-10-07T18:46:30","date_gmt":"2022-10-07T21:46:30","guid":{"rendered":"https:\/\/stayfit.com.ar\/?post_type=product&#038;p=14566"},"modified":"2026-04-07T23:47:32","modified_gmt":"2026-04-08T02:47:32","slug":"true-made-2lbs","status":"publish","type":"product","link":"https:\/\/stayfit.com.ar\/?product=true-made-2lbs","title":{"rendered":"<strong>TRUE MADE 2lbs ENA<\/strong>"},"content":{"rendered":"<p>DESCRIPCION: Whey Protein Isolate (WPI) es la forma m\u00e1s pura de prote\u00edna de suero que existe actualmente. Al sumarla a nuestra f\u00f3rmula cl\u00e1sica (WPC + WPI) elevamos el est\u00e1ndar de calidad, asegur\u00e1ndote un mejor producto en cada scoop para que logres la performance que buscas.<br \/>\nTRUEMADE contiene un blend de m\u00e1xima pureza con una r\u00e1pida absorci\u00f3n y una excelente calidad, garantizando una efectiva y r\u00e1pida recuperaci\u00f3n del tejido muscular:<br \/>\n&#8211; Whey protein concentrate (WPC): perfil completo de amino\u00e1cidos esenciales, brindando la mejor calidad de prote\u00ednas para aumentar la energ\u00eda durante el entrenamiento.<br \/>\n&#8211; Whey Protein Isolate (WPI): m\u00e1xima pureza. Bajo en carbohidratos, grasas y f\u00e1cil de digerir logrando una mayor absorci\u00f3n de la prote\u00edna.<br \/>\nMODO DE USO:<br \/>\nIngesta diaria: 2 medidas (cada medida aporta 25 grs). Consumir 1 medida a media ma\u00f1ana y una a media tarde, o bien, 1 media hora antes de entrenar y 1 media hora despu\u00e9s de entrenar.<br \/>\nDiluir cada medida (25 gramos) con 150-200 cc de leche o agua.<\/p>\n","protected":false},"excerpt":{"rendered":"<p>Suplemento diet\u00e9tico en polvo para preparar bebida a base de prote\u00ednas de suero.<br \/>\n2 LIBRAS |\u00a030 SERVICIOS\u00a0|\u00a025GR DE PROTE\u00cdNA X SERV.<\/p>\n","protected":false},"featured_media":14572,"template":"","meta":{"_monsterinsights_skip_tracking":false,"_monsterinsights_sitenote_active":false,"_monsterinsights_sitenote_note":"","_monsterinsights_sitenote_category":0},"product_brand":[],"product_cat":[137,146],"product_tag":[],"class_list":{"0":"post-14566","1":"product","2":"type-product","3":"status-publish","4":"has-post-thumbnail","6":"product_cat-ena","7":"product_cat-proteinas","9":"first","10":"instock","11":"taxable","12":"shipping-taxable","13":"purchasable","14":"product-type-variable"},"_links":{"self":[{"href":"https:\/\/stayfit.com.ar\/index.php?rest_route=\/wp\/v2\/product\/14566","targetHints":{"allow":["GET"]}}],"collection":[{"href":"https:\/\/stayfit.com.ar\/index.php?rest_route=\/wp\/v2\/product"}],"about":[{"href":"https:\/\/stayfit.com.ar\/index.php?rest_route=\/wp\/v2\/types\/product"}],"wp:featuredmedia":[{"embeddable":true,"href":"https:\/\/stayfit.com.ar\/index.php?rest_route=\/wp\/v2\/media\/14572"}],"wp:attachment":[{"href":"https:\/\/stayfit.com.ar\/index.php?rest_route=%2Fwp%2Fv2%2Fmedia&parent=14566"}],"wp:term":[{"taxonomy":"product_brand","embeddable":true,"href":"https:\/\/stayfit.com.ar\/index.php?rest_route=%2Fwp%2Fv2%2Fproduct_brand&post=14566"},{"taxonomy":"product_cat","embeddable":true,"href":"https:\/\/stayfit.com.ar\/index.php?rest_route=%2Fwp%2Fv2%2Fproduct_cat&post=14566"},{"taxonomy":"product_tag","embeddable":true,"href":"https:\/\/stayfit.com.ar\/index.php?rest_route=%2Fwp%2Fv2%2Fproduct_tag&post=14566"}],"curies":[{"name":"wp","href":"https:\/\/api.w.org\/{rel}","templated":true}]}}