{"id":14574,"date":"2022-10-07T19:01:12","date_gmt":"2022-10-07T22:01:12","guid":{"rendered":"https:\/\/stayfit.com.ar\/?post_type=product&#038;p=14574"},"modified":"2026-04-07T23:47:32","modified_gmt":"2026-04-08T02:47:32","slug":"whey-x-pro-2lbs","status":"publish","type":"product","link":"https:\/\/stayfit.com.ar\/?product=whey-x-pro-2lbs","title":{"rendered":"<strong>WHEY X PRO 2lbs ENA<\/strong>"},"content":{"rendered":"<p>DESCRIPCION: Whey X Pro Complex Protein aporta una combinaci\u00f3n explosiva de prote\u00ednas, creatina, taurina, glutamina, amino\u00e1cidos, vitaminas, minerales y antioxidantes, en una nueva f\u00f3rmula mejorada. Aporta m\u00e1s sabor y una m\u00e1xima disoluci\u00f3n para lograr mejores resultados y la pod\u00e9s consumir antes o despu\u00e9s del entrenamiento. Es la prote\u00edna de suero m\u00e1s avanzada del mercado.<br \/>\nMODO DE USO:<br \/>\nVerter una medida de WHEY X PRO COMPLEX PROTEIN en un vaso batidor. Agregar 200 cm3 de agua o leche (preferentemente descremada). Agitar y consumir.<br \/>\nIngesta diaria: consumir todos los dias 2 medidas (cada medida aporta 33 gr), 1 medida a media ma\u00f1ana y otra a media tarde, en los dias de entrenamiento consumir una hora antes y media hora despu\u00e9s del mismo.<\/p>\n","protected":false},"excerpt":{"rendered":"<p>Suplemento diet\u00e9tico en polvo para preparar bebida a base de prote\u00ednas de suero.<br \/>\n2 LIBRAS |\u00a030 SERVICIOS\u00a0|\u00a025GR DE PROTE\u00cdNA X SERV.<\/p>\n","protected":false},"featured_media":14580,"template":"","meta":{"_monsterinsights_skip_tracking":false,"_monsterinsights_sitenote_active":false,"_monsterinsights_sitenote_note":"","_monsterinsights_sitenote_category":0},"product_brand":[],"product_cat":[137,146],"product_tag":[],"class_list":{"0":"post-14574","1":"product","2":"type-product","3":"status-publish","4":"has-post-thumbnail","6":"product_cat-ena","7":"product_cat-proteinas","9":"first","10":"instock","11":"taxable","12":"shipping-taxable","13":"purchasable","14":"product-type-variable"},"_links":{"self":[{"href":"https:\/\/stayfit.com.ar\/index.php?rest_route=\/wp\/v2\/product\/14574","targetHints":{"allow":["GET"]}}],"collection":[{"href":"https:\/\/stayfit.com.ar\/index.php?rest_route=\/wp\/v2\/product"}],"about":[{"href":"https:\/\/stayfit.com.ar\/index.php?rest_route=\/wp\/v2\/types\/product"}],"wp:featuredmedia":[{"embeddable":true,"href":"https:\/\/stayfit.com.ar\/index.php?rest_route=\/wp\/v2\/media\/14580"}],"wp:attachment":[{"href":"https:\/\/stayfit.com.ar\/index.php?rest_route=%2Fwp%2Fv2%2Fmedia&parent=14574"}],"wp:term":[{"taxonomy":"product_brand","embeddable":true,"href":"https:\/\/stayfit.com.ar\/index.php?rest_route=%2Fwp%2Fv2%2Fproduct_brand&post=14574"},{"taxonomy":"product_cat","embeddable":true,"href":"https:\/\/stayfit.com.ar\/index.php?rest_route=%2Fwp%2Fv2%2Fproduct_cat&post=14574"},{"taxonomy":"product_tag","embeddable":true,"href":"https:\/\/stayfit.com.ar\/index.php?rest_route=%2Fwp%2Fv2%2Fproduct_tag&post=14574"}],"curies":[{"name":"wp","href":"https:\/\/api.w.org\/{rel}","templated":true}]}}