{"id":14588,"date":"2022-10-08T17:58:23","date_gmt":"2022-10-08T20:58:23","guid":{"rendered":"https:\/\/stayfit.com.ar\/?post_type=product&#038;p=14588"},"modified":"2026-04-11T15:51:34","modified_gmt":"2026-04-11T18:51:34","slug":"100-whey-5lbs","status":"publish","type":"product","link":"https:\/\/stayfit.com.ar\/?product=100-whey-5lbs","title":{"rendered":"100% WHEY 5lbs GOLD NUTRITION"},"content":{"rendered":"<p>DESCRIPCION: 100% Whey Protein\u00a0est\u00e1 dise\u00f1ada para cualquier persona que quiera complementar sus objetivos nutricionales y f\u00edsicos.<br \/>\nGold Nutrition\u00a0garantiza el mejor concentrado disponible que podr\u00e1 encontrar en el mercado.\u00a0100% WHEY PROTEIN\u00a0puede considerarse como el m\u00e1ximo standard en calidad y pureza demostrado por laboratorios.<br \/>\nAdem\u00e1s al tomarla, se disfruta como cualquier batido frutal gracias a sus saborizantes naturales \u00fanicos.<br \/>\nMODO DE USO:<br \/>\nDiluir en un shaker GOLD NUTRITION 1 medida \u201ccolmada\u201d 35gs. en 150ml o 200ml de agua o leche descremada.<br \/>\nVar\u00ede la cantidad de l\u00edquido para lograr el sabor y la consistencia deseada<br \/>\nBatir y consumir.<\/p>\n","protected":false},"excerpt":{"rendered":"<p>Suplemento diet\u00e9tico en polvo para preparar bebida a base de prote\u00ednas de suero.<br \/>\n2 LIBRAS | 28GR DE PROTE\u00cdNA X SERV.<\/p>\n","protected":false},"featured_media":14592,"template":"","meta":{"_monsterinsights_skip_tracking":false,"_monsterinsights_sitenote_active":false,"_monsterinsights_sitenote_note":"","_monsterinsights_sitenote_category":0},"product_brand":[],"product_cat":[141,146],"product_tag":[],"class_list":{"0":"post-14588","1":"product","2":"type-product","3":"status-publish","4":"has-post-thumbnail","6":"product_cat-gold-nutrition","7":"product_cat-proteinas","9":"first","10":"instock","11":"taxable","12":"shipping-taxable","13":"purchasable","14":"product-type-variable"},"_links":{"self":[{"href":"https:\/\/stayfit.com.ar\/index.php?rest_route=\/wp\/v2\/product\/14588","targetHints":{"allow":["GET"]}}],"collection":[{"href":"https:\/\/stayfit.com.ar\/index.php?rest_route=\/wp\/v2\/product"}],"about":[{"href":"https:\/\/stayfit.com.ar\/index.php?rest_route=\/wp\/v2\/types\/product"}],"wp:featuredmedia":[{"embeddable":true,"href":"https:\/\/stayfit.com.ar\/index.php?rest_route=\/wp\/v2\/media\/14592"}],"wp:attachment":[{"href":"https:\/\/stayfit.com.ar\/index.php?rest_route=%2Fwp%2Fv2%2Fmedia&parent=14588"}],"wp:term":[{"taxonomy":"product_brand","embeddable":true,"href":"https:\/\/stayfit.com.ar\/index.php?rest_route=%2Fwp%2Fv2%2Fproduct_brand&post=14588"},{"taxonomy":"product_cat","embeddable":true,"href":"https:\/\/stayfit.com.ar\/index.php?rest_route=%2Fwp%2Fv2%2Fproduct_cat&post=14588"},{"taxonomy":"product_tag","embeddable":true,"href":"https:\/\/stayfit.com.ar\/index.php?rest_route=%2Fwp%2Fv2%2Fproduct_tag&post=14588"}],"curies":[{"name":"wp","href":"https:\/\/api.w.org\/{rel}","templated":true}]}}