{"id":14600,"date":"2022-10-08T18:09:27","date_gmt":"2022-10-08T21:09:27","guid":{"rendered":"https:\/\/stayfit.com.ar\/?post_type=product&#038;p=14600"},"modified":"2025-11-24T18:15:25","modified_gmt":"2025-11-24T21:15:25","slug":"whey-7900-strong","status":"publish","type":"product","link":"https:\/\/stayfit.com.ar\/?product=whey-7900-strong","title":{"rendered":"<strong>WHEY 7900 1kg GENTECH<\/strong>"},"content":{"rendered":"<p>DESCRIPCION:<br \/>\nLa prote\u00edna de suero de leche, tambi\u00e9n conocida como whey protein, es uno de los suplementos m\u00e1s utilizados cuando el objetivo es aumentar masa muscular o hipertrofiar. \u00bfLa raz\u00f3n? Son una excelente fuente de amino\u00e1cidos esenciales (contiene 9) y elevan los amino\u00e1cidos.<br \/>\nMODO DE USO:<br \/>\n2 MEDIDAS DIARIAS (30 g C\/U)<br \/>\nAntes y\/o despu\u00e9s del entrenamiento.<\/p>\n","protected":false},"excerpt":{"rendered":"<p>Suplemento diet\u00e9tico en polvo para preparar bebida a base de prote\u00ednas de suero.<br \/>\n1 kilo | 30 SERVICIOS | 22GR DE PROTE\u00cdNA X SERV.<\/p>\n","protected":false},"featured_media":14603,"template":"","meta":{"_monsterinsights_skip_tracking":false,"_monsterinsights_sitenote_active":false,"_monsterinsights_sitenote_note":"","_monsterinsights_sitenote_category":0},"product_brand":[],"product_cat":[147,146],"product_tag":[],"class_list":{"0":"post-14600","1":"product","2":"type-product","3":"status-publish","4":"has-post-thumbnail","6":"product_cat-gentech","7":"product_cat-proteinas","9":"first","10":"instock","11":"taxable","12":"shipping-taxable","13":"purchasable","14":"product-type-variable"},"_links":{"self":[{"href":"https:\/\/stayfit.com.ar\/index.php?rest_route=\/wp\/v2\/product\/14600","targetHints":{"allow":["GET"]}}],"collection":[{"href":"https:\/\/stayfit.com.ar\/index.php?rest_route=\/wp\/v2\/product"}],"about":[{"href":"https:\/\/stayfit.com.ar\/index.php?rest_route=\/wp\/v2\/types\/product"}],"wp:featuredmedia":[{"embeddable":true,"href":"https:\/\/stayfit.com.ar\/index.php?rest_route=\/wp\/v2\/media\/14603"}],"wp:attachment":[{"href":"https:\/\/stayfit.com.ar\/index.php?rest_route=%2Fwp%2Fv2%2Fmedia&parent=14600"}],"wp:term":[{"taxonomy":"product_brand","embeddable":true,"href":"https:\/\/stayfit.com.ar\/index.php?rest_route=%2Fwp%2Fv2%2Fproduct_brand&post=14600"},{"taxonomy":"product_cat","embeddable":true,"href":"https:\/\/stayfit.com.ar\/index.php?rest_route=%2Fwp%2Fv2%2Fproduct_cat&post=14600"},{"taxonomy":"product_tag","embeddable":true,"href":"https:\/\/stayfit.com.ar\/index.php?rest_route=%2Fwp%2Fv2%2Fproduct_tag&post=14600"}],"curies":[{"name":"wp","href":"https:\/\/api.w.org\/{rel}","templated":true}]}}