{"id":14621,"date":"2022-10-08T18:35:12","date_gmt":"2022-10-08T21:35:12","guid":{"rendered":"https:\/\/stayfit.com.ar\/?post_type=product&#038;p=14621"},"modified":"2025-11-21T16:32:51","modified_gmt":"2025-11-21T19:32:51","slug":"whey-protein-2lb","status":"publish","type":"product","link":"https:\/\/stayfit.com.ar\/?product=whey-protein-2lb","title":{"rendered":"<strong>WHEY PROTEIN 2lbs BODY ADVANCE<\/strong>"},"content":{"rendered":"<p>DESCRIPCION:<br \/>\nMantener los niveles adecuados de prote\u00edna en la dieta es la clave para una pronta recuperaci\u00f3n y aumento de masa muscular magra. Despu\u00e9s de un entrenamiento, el cuerpo se prepara para recibir nutrientes y se encuentra listo para el proceso de recuperaci\u00f3n. A veces, los momentos no son suficientes para preparar a tiempo una comida, ese instante es ideal para optar por un batido post-entrenamiento, y as\u00ed incorporar los nutrientes b\u00e1sicos que el cuerpo necesita.<br \/>\nSu f\u00f3rmula de calidad farmacol\u00f3gica sin aditivos y de gran solubilidad, la convierten en la m\u00e1s elegida por los atletas de elite.<br \/>\nMODO DE USO:<br \/>\nUna medida (40 gr), de 1 a 2 veces por d\u00eda. Mezclar en 250 ml de agua, leche descremada o leche vegetal de su preferencia.<\/p>\n","protected":false},"excerpt":{"rendered":"<p>Suplemento diet\u00e9tico en polvo para preparar bebida a base de prote\u00ednas de suero.<br \/>\n2 LIBRAS | 24GR DE PROTE\u00cdNA X SERV.<\/p>\n","protected":false},"featured_media":14626,"template":"","meta":{"_monsterinsights_skip_tracking":false,"_monsterinsights_sitenote_active":false,"_monsterinsights_sitenote_note":"","_monsterinsights_sitenote_category":0},"product_brand":[],"product_cat":[126,146],"product_tag":[],"class_list":{"0":"post-14621","1":"product","2":"type-product","3":"status-publish","4":"has-post-thumbnail","6":"product_cat-body-advance","7":"product_cat-proteinas","9":"first","10":"instock","11":"taxable","12":"shipping-taxable","13":"purchasable","14":"product-type-variable"},"_links":{"self":[{"href":"https:\/\/stayfit.com.ar\/index.php?rest_route=\/wp\/v2\/product\/14621","targetHints":{"allow":["GET"]}}],"collection":[{"href":"https:\/\/stayfit.com.ar\/index.php?rest_route=\/wp\/v2\/product"}],"about":[{"href":"https:\/\/stayfit.com.ar\/index.php?rest_route=\/wp\/v2\/types\/product"}],"wp:featuredmedia":[{"embeddable":true,"href":"https:\/\/stayfit.com.ar\/index.php?rest_route=\/wp\/v2\/media\/14626"}],"wp:attachment":[{"href":"https:\/\/stayfit.com.ar\/index.php?rest_route=%2Fwp%2Fv2%2Fmedia&parent=14621"}],"wp:term":[{"taxonomy":"product_brand","embeddable":true,"href":"https:\/\/stayfit.com.ar\/index.php?rest_route=%2Fwp%2Fv2%2Fproduct_brand&post=14621"},{"taxonomy":"product_cat","embeddable":true,"href":"https:\/\/stayfit.com.ar\/index.php?rest_route=%2Fwp%2Fv2%2Fproduct_cat&post=14621"},{"taxonomy":"product_tag","embeddable":true,"href":"https:\/\/stayfit.com.ar\/index.php?rest_route=%2Fwp%2Fv2%2Fproduct_tag&post=14621"}],"curies":[{"name":"wp","href":"https:\/\/api.w.org\/{rel}","templated":true}]}}