{"id":14650,"date":"2022-10-08T19:00:15","date_gmt":"2022-10-08T22:00:15","guid":{"rendered":"https:\/\/stayfit.com.ar\/?post_type=product&#038;p=14650"},"modified":"2026-04-14T20:45:12","modified_gmt":"2026-04-14T23:45:12","slug":"mutant-mass-1-5kg-copia","status":"publish","type":"product","link":"https:\/\/stayfit.com.ar\/?product=mutant-mass-1-5kg-copia","title":{"rendered":"<strong>NITROGAIN 1.5kg XTRENGHT<\/strong>"},"content":{"rendered":"<p>DESCRIPCION:<br \/>\nNITROGAIN\u00a0 posee la combinaci\u00f3n perfecta para ayudarte a ganar peso en forma r\u00e1pida, aportando calor\u00edas y nutrientes extras a tu alimentaci\u00f3n diaria. Su f\u00f3rmula contiene prote\u00edna de suero l\u00e1cteo de alta concentraci\u00f3n y carbohidratos complejos de asimilaci\u00f3n progresiva o lenta.<br \/>\nEst\u00e1 desarrollado especialmente para deportistas, con cantidades \u00f3ptimas de Creatina, Glutamina, Beta Alanina, generadores de \u00d3xido N\u00edtrico, Picolinato de Cromo, vitaminas y antioxidantes.<br \/>\nLa suma de todos los componentes de NITROGAIN\u00a0 da como resultado un efecto anticatab\u00f3lico, acelerando la recuperaci\u00f3n y favoreciendo la ganancia de masa muscular.<br \/>\nDisponible en cinco deliciosos sabores: Chocolate,\u00a0Vainilla, Frutilla y\u00a0 Cookies<br \/>\nMODO DE USO:<br \/>\npara un batido, agregar 2 medidas colmadas de NITROGAIN\u00a0 en 200 ml de agua o leche fr\u00eda. Mezclar directamente en un vaso con un tenedor o mezclar en una licuadora o shaker durante unos 15 segundos.Tomar 2-4 batidos diarios.<\/p>\n","protected":false},"excerpt":{"rendered":"<p>Suplemento diet\u00e9tico en polvo para preparar bebida a base de carbohidratos, prote\u00ednas de suero y vitaminas.<br \/>\n1.5 kilos | 24G DE PROTE\u00cdNA X SERV.<\/p>\n","protected":false},"featured_media":14656,"template":"","meta":{"_monsterinsights_skip_tracking":false,"_monsterinsights_sitenote_active":false,"_monsterinsights_sitenote_note":"","_monsterinsights_sitenote_category":0},"product_brand":[],"product_cat":[148,133],"product_tag":[],"class_list":{"0":"post-14650","1":"product","2":"type-product","3":"status-publish","4":"has-post-thumbnail","6":"product_cat-ganadores-de-peso","7":"product_cat-xtrenght","9":"first","10":"instock","11":"taxable","12":"shipping-taxable","13":"purchasable","14":"product-type-variable"},"_links":{"self":[{"href":"https:\/\/stayfit.com.ar\/index.php?rest_route=\/wp\/v2\/product\/14650","targetHints":{"allow":["GET"]}}],"collection":[{"href":"https:\/\/stayfit.com.ar\/index.php?rest_route=\/wp\/v2\/product"}],"about":[{"href":"https:\/\/stayfit.com.ar\/index.php?rest_route=\/wp\/v2\/types\/product"}],"wp:featuredmedia":[{"embeddable":true,"href":"https:\/\/stayfit.com.ar\/index.php?rest_route=\/wp\/v2\/media\/14656"}],"wp:attachment":[{"href":"https:\/\/stayfit.com.ar\/index.php?rest_route=%2Fwp%2Fv2%2Fmedia&parent=14650"}],"wp:term":[{"taxonomy":"product_brand","embeddable":true,"href":"https:\/\/stayfit.com.ar\/index.php?rest_route=%2Fwp%2Fv2%2Fproduct_brand&post=14650"},{"taxonomy":"product_cat","embeddable":true,"href":"https:\/\/stayfit.com.ar\/index.php?rest_route=%2Fwp%2Fv2%2Fproduct_cat&post=14650"},{"taxonomy":"product_tag","embeddable":true,"href":"https:\/\/stayfit.com.ar\/index.php?rest_route=%2Fwp%2Fv2%2Fproduct_tag&post=14650"}],"curies":[{"name":"wp","href":"https:\/\/api.w.org\/{rel}","templated":true}]}}