{"id":14682,"date":"2022-10-08T19:45:01","date_gmt":"2022-10-08T22:45:01","guid":{"rendered":"https:\/\/stayfit.com.ar\/?post_type=product&#038;p=14682"},"modified":"2025-09-21T22:51:16","modified_gmt":"2025-09-22T01:51:16","slug":"monster-mass-1-5kg","status":"publish","type":"product","link":"https:\/\/stayfit.com.ar\/?product=monster-mass-1-5kg","title":{"rendered":"<strong>MONSTER MASS 1.5kg BODY ADVANCE<\/strong>"},"content":{"rendered":"<p>DESCRIPCION:<br \/>\nInnovadora combinaci\u00f3n que aporta nutrientes (prote\u00ednas y carbohidratos) y calor\u00edas extra para aumentar masa muscular. Ideal para quienes busquen aumentar de peso y a deportistas cuyos entrenamientos requieren un gran comsumo cal\u00f3rico.<br \/>\nEntre sus beneficios podemos destacar:<br \/>\n+ Aumento de la ingesta cal\u00f3rica.<br \/>\n+ Aumento de peso y construcci\u00f3n de masa muscular magra.<br \/>\n+ Mayor recuperaci\u00f3n y rendimiento deportivo.<br \/>\nMODO DE USO:<br \/>\nUna medida (40 gr), de 1 a 2 veces por d\u00eda. Mezclar en 250 ml de agua, leche descremada o leche vegetal de su preferencia.<\/p>\n","protected":false},"excerpt":{"rendered":"<p>Suplemento diet\u00e9tico en polvo para preparar bebida a base de carbohidratos, prote\u00ednas de suero y vitaminas.<br \/>\n1.5 kilos | 24G DE PROTE\u00cdNA X SERV.<\/p>\n","protected":false},"featured_media":14685,"template":"","meta":{"_monsterinsights_skip_tracking":false,"_monsterinsights_sitenote_active":false,"_monsterinsights_sitenote_note":"","_monsterinsights_sitenote_category":0},"product_brand":[],"product_cat":[126,148],"product_tag":[],"class_list":{"0":"post-14682","1":"product","2":"type-product","3":"status-publish","4":"has-post-thumbnail","6":"product_cat-body-advance","7":"product_cat-ganadores-de-peso","9":"first","10":"instock","11":"taxable","12":"shipping-taxable","13":"product-type-variable"},"_links":{"self":[{"href":"https:\/\/stayfit.com.ar\/index.php?rest_route=\/wp\/v2\/product\/14682","targetHints":{"allow":["GET"]}}],"collection":[{"href":"https:\/\/stayfit.com.ar\/index.php?rest_route=\/wp\/v2\/product"}],"about":[{"href":"https:\/\/stayfit.com.ar\/index.php?rest_route=\/wp\/v2\/types\/product"}],"wp:featuredmedia":[{"embeddable":true,"href":"https:\/\/stayfit.com.ar\/index.php?rest_route=\/wp\/v2\/media\/14685"}],"wp:attachment":[{"href":"https:\/\/stayfit.com.ar\/index.php?rest_route=%2Fwp%2Fv2%2Fmedia&parent=14682"}],"wp:term":[{"taxonomy":"product_brand","embeddable":true,"href":"https:\/\/stayfit.com.ar\/index.php?rest_route=%2Fwp%2Fv2%2Fproduct_brand&post=14682"},{"taxonomy":"product_cat","embeddable":true,"href":"https:\/\/stayfit.com.ar\/index.php?rest_route=%2Fwp%2Fv2%2Fproduct_cat&post=14682"},{"taxonomy":"product_tag","embeddable":true,"href":"https:\/\/stayfit.com.ar\/index.php?rest_route=%2Fwp%2Fv2%2Fproduct_tag&post=14682"}],"curies":[{"name":"wp","href":"https:\/\/api.w.org\/{rel}","templated":true}]}}