{"id":14705,"date":"2022-10-08T20:23:58","date_gmt":"2022-10-08T23:23:58","guid":{"rendered":"https:\/\/stayfit.com.ar\/?post_type=product&#038;p=14705"},"modified":"2026-05-13T22:39:55","modified_gmt":"2026-05-14T01:39:55","slug":"creatina-monohidrato-sin-sabor-300gr","status":"publish","type":"product","link":"https:\/\/stayfit.com.ar\/?product=creatina-monohidrato-sin-sabor-300gr","title":{"rendered":"CREATINA MONOHIDRATO SIN SABOR 300gr GOLD NUTRITION"},"content":{"rendered":"<blockquote><p>DESCRIPCION:<br \/>\nCREATINE MONOHYDRATE de\u00a0GOLD NUTRITION\u00a0contiene la f\u00f3rmula de creatina m\u00e1s avanzada.<br \/>\nUn potente aporte de energ\u00eda extra para los m\u00fasculos en deportes anaer\u00f3bicos y aer\u00f3bicos que precisan periodos de fuerza cortos e intensos.<br \/>\nAproximadamente el 95% de la creatina del cuerpo se encuentra en el m\u00fasculo esquel\u00e9tico.<\/p><\/blockquote>\n<p>El rendimiento atl\u00e9tico se ver\u00e1 mejorado, permitiendo mayor trabajo bajo tensi\u00f3n, reclutando un mayor n\u00famero de fibras, siendo por tanto, un mayor n\u00famero de ellas estimuladas.<br \/>\nMODO DE USO:<br \/>\nFase inicial de Carga: Durante la primera semana consumir 5gs 2 veces al d\u00eda entre las comidas.<br \/>\nFase de Mantenimiento: Comienza la segunda semana con 5gs una vez al d\u00eda lejos de las comidas o 90 min antes del entrenamiento<\/p>\n","protected":false},"excerpt":{"rendered":"<p>Suplemento dietario a base de Creatina Monohidrato.<br \/>\n300G | 5G CREATINA X SERV. | ULTRAMICRONIZED<br \/>\n100% PURA | AUMENTA EL VOLUMEN Y LA RESISTENCIA<\/p>\n","protected":false},"featured_media":14706,"template":"","meta":{"_monsterinsights_skip_tracking":false,"_monsterinsights_sitenote_active":false,"_monsterinsights_sitenote_note":"","_monsterinsights_sitenote_category":0},"product_brand":[],"product_cat":[149,141],"product_tag":[],"class_list":{"0":"post-14705","1":"product","2":"type-product","3":"status-publish","4":"has-post-thumbnail","6":"product_cat-creatinas","7":"product_cat-gold-nutrition","9":"first","10":"instock","11":"sale","12":"taxable","13":"shipping-taxable","14":"purchasable","15":"product-type-simple"},"_links":{"self":[{"href":"https:\/\/stayfit.com.ar\/index.php?rest_route=\/wp\/v2\/product\/14705","targetHints":{"allow":["GET"]}}],"collection":[{"href":"https:\/\/stayfit.com.ar\/index.php?rest_route=\/wp\/v2\/product"}],"about":[{"href":"https:\/\/stayfit.com.ar\/index.php?rest_route=\/wp\/v2\/types\/product"}],"wp:featuredmedia":[{"embeddable":true,"href":"https:\/\/stayfit.com.ar\/index.php?rest_route=\/wp\/v2\/media\/14706"}],"wp:attachment":[{"href":"https:\/\/stayfit.com.ar\/index.php?rest_route=%2Fwp%2Fv2%2Fmedia&parent=14705"}],"wp:term":[{"taxonomy":"product_brand","embeddable":true,"href":"https:\/\/stayfit.com.ar\/index.php?rest_route=%2Fwp%2Fv2%2Fproduct_brand&post=14705"},{"taxonomy":"product_cat","embeddable":true,"href":"https:\/\/stayfit.com.ar\/index.php?rest_route=%2Fwp%2Fv2%2Fproduct_cat&post=14705"},{"taxonomy":"product_tag","embeddable":true,"href":"https:\/\/stayfit.com.ar\/index.php?rest_route=%2Fwp%2Fv2%2Fproduct_tag&post=14705"}],"curies":[{"name":"wp","href":"https:\/\/api.w.org\/{rel}","templated":true}]}}