{"id":14711,"date":"2022-10-09T16:02:11","date_gmt":"2022-10-09T19:02:11","guid":{"rendered":"https:\/\/stayfit.com.ar\/?post_type=product&#038;p=14711"},"modified":"2026-05-12T23:58:51","modified_gmt":"2026-05-13T02:58:51","slug":"l-glutamina-sin-sabor-300gr","status":"publish","type":"product","link":"https:\/\/stayfit.com.ar\/?product=l-glutamina-sin-sabor-300gr","title":{"rendered":"L-GLUTAMINA SIN SABOR 300gr STAR NUTRITION"},"content":{"rendered":"<p>DESCRIPCION:<br \/>\nL-GLUTAMINE es un amino\u00e1cido esencial que en nuestro cuerpo se encuentra en casi todos los tejidos y que interviene directamente en la reconstrucci\u00f3n y formaci\u00f3n de los mismos.<br \/>\nLa glutamina la obtenemos por medio de los alimentos, concretamente a trav\u00e9s de las prote\u00ednas, pero en ocasiones en las que el entrenamiento es excesivo, complementarla nos facilitar\u00e1 el aporte que nuestro cuerpo necesita para llevar a cabo sus funciones.<br \/>\nMODO DE USO:<br \/>\nComo suplemento diet\u00e9tico, consumir 1 porci\u00f3n (1 cucharadita de t\u00e9) 1\/2 hora despu\u00e9s del entrenamiento o como lo indique su especialista.<\/p>\n","protected":false},"excerpt":{"rendered":"<p>Suplemento diet\u00e9tico a base de l-glutamina.<br \/>\n300G |\u00a060 SERVICIOS\u00a0|\u00a05G GLUTAMINA X SERV.<br \/>\nRECUPERACI\u00d3N Y CRECIMIENTO MUSCULAR<br \/>\nEVITA LA OXIDACI\u00d3N MUSCULAR<br \/>\nREGENERA Y RECUPERA TEJIDOS<\/p>\n","protected":false},"featured_media":14712,"template":"","meta":{"_monsterinsights_skip_tracking":false,"_monsterinsights_sitenote_active":false,"_monsterinsights_sitenote_note":"","_monsterinsights_sitenote_category":0},"product_brand":[],"product_cat":[150,129],"product_tag":[],"class_list":{"0":"post-14711","1":"product","2":"type-product","3":"status-publish","4":"has-post-thumbnail","6":"product_cat-glutaminas","7":"product_cat-star-nutrition","9":"first","10":"instock","11":"taxable","12":"shipping-taxable","13":"purchasable","14":"product-type-simple"},"_links":{"self":[{"href":"https:\/\/stayfit.com.ar\/index.php?rest_route=\/wp\/v2\/product\/14711","targetHints":{"allow":["GET"]}}],"collection":[{"href":"https:\/\/stayfit.com.ar\/index.php?rest_route=\/wp\/v2\/product"}],"about":[{"href":"https:\/\/stayfit.com.ar\/index.php?rest_route=\/wp\/v2\/types\/product"}],"wp:featuredmedia":[{"embeddable":true,"href":"https:\/\/stayfit.com.ar\/index.php?rest_route=\/wp\/v2\/media\/14712"}],"wp:attachment":[{"href":"https:\/\/stayfit.com.ar\/index.php?rest_route=%2Fwp%2Fv2%2Fmedia&parent=14711"}],"wp:term":[{"taxonomy":"product_brand","embeddable":true,"href":"https:\/\/stayfit.com.ar\/index.php?rest_route=%2Fwp%2Fv2%2Fproduct_brand&post=14711"},{"taxonomy":"product_cat","embeddable":true,"href":"https:\/\/stayfit.com.ar\/index.php?rest_route=%2Fwp%2Fv2%2Fproduct_cat&post=14711"},{"taxonomy":"product_tag","embeddable":true,"href":"https:\/\/stayfit.com.ar\/index.php?rest_route=%2Fwp%2Fv2%2Fproduct_tag&post=14711"}],"curies":[{"name":"wp","href":"https:\/\/api.w.org\/{rel}","templated":true}]}}