{"id":14714,"date":"2022-10-09T16:07:21","date_gmt":"2022-10-09T19:07:21","guid":{"rendered":"https:\/\/stayfit.com.ar\/?post_type=product&#038;p=14714"},"modified":"2026-03-15T23:01:16","modified_gmt":"2026-03-16T02:01:16","slug":"l-glutamina-sin-sabor-300gr-2","status":"publish","type":"product","link":"https:\/\/stayfit.com.ar\/?product=l-glutamina-sin-sabor-300gr-2","title":{"rendered":"L-GLUTAMINA SIN SABOR 300gr XTRENGHT"},"content":{"rendered":"<p>DESCRIPCION:<br \/>\nLa Glutamina es el amino\u00e1cido no esencial m\u00e1s abundante en el tejido muscular. Por esta raz\u00f3n, el consumo de este amino\u00e1cido es fundamental para cualquier deportista. Y m\u00e1s durante los entrenamientos.<br \/>\nMICRONIZED GLUTAMINE\u00a0 produce un efecto anticatab\u00f3lico, te ayuda prevenir la p\u00e9rdida de masa muscular, estimula la producci\u00f3n de hormona de crecimiento y beneficia al sistema inmunol\u00f3gico.<br \/>\nMODO DE USO:<br \/>\nDisolver una cucharada de t\u00e9 colmada (5g) en 150 a 200 ml de agua o jugo.<br \/>\ntomar una o dos veces por d\u00eda, en tomas separadas y, preferentemente, con el est\u00f3mago vac\u00edo. Para resultados \u00f3ptimos tomarla inmediatamente despu\u00e9s de un entrenamiento intenso y antes de dormir.<\/p>\n","protected":false},"excerpt":{"rendered":"<p>Suplemento diet\u00e9tico a base de l-glutamina.<br \/>\n300G |\u00a060 SERVICIOS\u00a0|\u00a05G GLUTAMINA X SERV.<br \/>\nRECUPERACI\u00d3N Y CRECIMIENTO MUSCULAR<br \/>\nEVITA LA OXIDACI\u00d3N MUSCULAR<br \/>\nREGENERA Y RECUPERA TEJIDOS<\/p>\n","protected":false},"featured_media":14715,"template":"","meta":{"_monsterinsights_skip_tracking":false,"_monsterinsights_sitenote_active":false,"_monsterinsights_sitenote_note":"","_monsterinsights_sitenote_category":0},"product_brand":[],"product_cat":[150,133],"product_tag":[],"class_list":{"0":"post-14714","1":"product","2":"type-product","3":"status-publish","4":"has-post-thumbnail","6":"product_cat-glutaminas","7":"product_cat-xtrenght","9":"first","10":"instock","11":"taxable","12":"shipping-taxable","13":"purchasable","14":"product-type-simple"},"_links":{"self":[{"href":"https:\/\/stayfit.com.ar\/index.php?rest_route=\/wp\/v2\/product\/14714","targetHints":{"allow":["GET"]}}],"collection":[{"href":"https:\/\/stayfit.com.ar\/index.php?rest_route=\/wp\/v2\/product"}],"about":[{"href":"https:\/\/stayfit.com.ar\/index.php?rest_route=\/wp\/v2\/types\/product"}],"wp:featuredmedia":[{"embeddable":true,"href":"https:\/\/stayfit.com.ar\/index.php?rest_route=\/wp\/v2\/media\/14715"}],"wp:attachment":[{"href":"https:\/\/stayfit.com.ar\/index.php?rest_route=%2Fwp%2Fv2%2Fmedia&parent=14714"}],"wp:term":[{"taxonomy":"product_brand","embeddable":true,"href":"https:\/\/stayfit.com.ar\/index.php?rest_route=%2Fwp%2Fv2%2Fproduct_brand&post=14714"},{"taxonomy":"product_cat","embeddable":true,"href":"https:\/\/stayfit.com.ar\/index.php?rest_route=%2Fwp%2Fv2%2Fproduct_cat&post=14714"},{"taxonomy":"product_tag","embeddable":true,"href":"https:\/\/stayfit.com.ar\/index.php?rest_route=%2Fwp%2Fv2%2Fproduct_tag&post=14714"}],"curies":[{"name":"wp","href":"https:\/\/api.w.org\/{rel}","templated":true}]}}