{"id":14718,"date":"2022-10-09T16:13:51","date_gmt":"2022-10-09T19:13:51","guid":{"rendered":"https:\/\/stayfit.com.ar\/?post_type=product&#038;p=14718"},"modified":"2026-04-07T23:47:28","modified_gmt":"2026-04-08T02:47:28","slug":"l-glutamina-sin-sabor-150gr","status":"publish","type":"product","link":"https:\/\/stayfit.com.ar\/?product=l-glutamina-sin-sabor-150gr","title":{"rendered":"L-GLUTAMINA SIN SABOR 300gr ENA"},"content":{"rendered":"<p>DESCRIPCION:<br \/>\nLa GLUTAMINA es el amino\u00e1cido no esencial m\u00e1s abundante en el m\u00fasculo. Durante prolongados per\u00edodos de ejercicio intenso, los niveles de glutamina pueden disminuir, lo que limita la s\u00edntesis de prote\u00ednas. Nuestra GLUTAMINA MICRONIZADA en polvo es una simple manera de suplementar tu dieta con este amino.<br \/>\nMODO DE USO:<br \/>\nConsumir 5 gramos diarios (una medida) luego de los entrenamientos o bien antes de dormir.<\/p>\n","protected":false},"excerpt":{"rendered":"<p>Suplemento diet\u00e9tico a base de l-glutamina.<br \/>\n150G | 30 SERVICIOS | 5G GLUTAMINA X SERV.<br \/>\nRECUPERACI\u00d3N Y CRECIMIENTO MUSCULAR<br \/>\nEVITA LA OXIDACI\u00d3N MUSCULAR<br \/>\nREGENERA Y RECUPERA TEJIDOS<\/p>\n","protected":false},"featured_media":14719,"template":"","meta":{"_monsterinsights_skip_tracking":false,"_monsterinsights_sitenote_active":false,"_monsterinsights_sitenote_note":"","_monsterinsights_sitenote_category":0},"product_brand":[],"product_cat":[137,150],"product_tag":[],"class_list":{"0":"post-14718","1":"product","2":"type-product","3":"status-publish","4":"has-post-thumbnail","6":"product_cat-ena","7":"product_cat-glutaminas","9":"first","10":"instock","11":"taxable","12":"shipping-taxable","13":"purchasable","14":"product-type-simple"},"_links":{"self":[{"href":"https:\/\/stayfit.com.ar\/index.php?rest_route=\/wp\/v2\/product\/14718","targetHints":{"allow":["GET"]}}],"collection":[{"href":"https:\/\/stayfit.com.ar\/index.php?rest_route=\/wp\/v2\/product"}],"about":[{"href":"https:\/\/stayfit.com.ar\/index.php?rest_route=\/wp\/v2\/types\/product"}],"wp:featuredmedia":[{"embeddable":true,"href":"https:\/\/stayfit.com.ar\/index.php?rest_route=\/wp\/v2\/media\/14719"}],"wp:attachment":[{"href":"https:\/\/stayfit.com.ar\/index.php?rest_route=%2Fwp%2Fv2%2Fmedia&parent=14718"}],"wp:term":[{"taxonomy":"product_brand","embeddable":true,"href":"https:\/\/stayfit.com.ar\/index.php?rest_route=%2Fwp%2Fv2%2Fproduct_brand&post=14718"},{"taxonomy":"product_cat","embeddable":true,"href":"https:\/\/stayfit.com.ar\/index.php?rest_route=%2Fwp%2Fv2%2Fproduct_cat&post=14718"},{"taxonomy":"product_tag","embeddable":true,"href":"https:\/\/stayfit.com.ar\/index.php?rest_route=%2Fwp%2Fv2%2Fproduct_tag&post=14718"}],"curies":[{"name":"wp","href":"https:\/\/api.w.org\/{rel}","templated":true}]}}