{"id":14721,"date":"2022-10-09T16:17:52","date_gmt":"2022-10-09T19:17:52","guid":{"rendered":"https:\/\/stayfit.com.ar\/?post_type=product&#038;p=14721"},"modified":"2026-04-11T15:51:29","modified_gmt":"2026-04-11T18:51:29","slug":"l-glutamina-sin-sabor-225gr","status":"publish","type":"product","link":"https:\/\/stayfit.com.ar\/?product=l-glutamina-sin-sabor-225gr","title":{"rendered":"L-GLUTAMINA SIN SABOR 225gr GOLD NUTRITION"},"content":{"rendered":"<p>DESCRIPCION:<br \/>\nLa L-Glutamina es el suplemento ideal para prevenir el catabolismo muscular, el consumo regular de este aminoacido te permitir\u00e1 recuperarte muscularmente mucho m\u00e1s r\u00e1pido luego de tus jornadas de entrenamiento.<br \/>\nSus efectos son muy notorios en las dietas de los deportistas de \u00e9lite que necesitan una alta demanda energ\u00e9tica.<\/p>\n<p>La glutamina es uno de los 20 amino\u00e1cidos que intervienen en la\u00a0recuperaci\u00f3n muscular tras realizar ejercicio f\u00edsico.<br \/>\nMODO DE USO:<br \/>\nDiluir en un vaso o shaker Gold Nutrition 1 medida \u201ccolmada\u201d 5gs. en 150ml o 200ml de\u00a0jugo de frutas<\/p>\n","protected":false},"excerpt":{"rendered":"<p>Suplemento diet\u00e9tico a base de l-glutamina.<br \/>\n225G | 45 SERVICIOS | 5G GLUTAMINA X SERV.<br \/>\nRECUPERACI\u00d3N Y CRECIMIENTO MUSCULAR<br \/>\nEVITA LA OXIDACI\u00d3N MUSCULAR<br \/>\nREGENERA Y RECUPERA TEJIDOS<\/p>\n","protected":false},"featured_media":14722,"template":"","meta":{"_monsterinsights_skip_tracking":false,"_monsterinsights_sitenote_active":false,"_monsterinsights_sitenote_note":"","_monsterinsights_sitenote_category":0},"product_brand":[],"product_cat":[150,141],"product_tag":[],"class_list":{"0":"post-14721","1":"product","2":"type-product","3":"status-publish","4":"has-post-thumbnail","6":"product_cat-glutaminas","7":"product_cat-gold-nutrition","9":"first","10":"instock","11":"taxable","12":"shipping-taxable","13":"purchasable","14":"product-type-simple"},"_links":{"self":[{"href":"https:\/\/stayfit.com.ar\/index.php?rest_route=\/wp\/v2\/product\/14721","targetHints":{"allow":["GET"]}}],"collection":[{"href":"https:\/\/stayfit.com.ar\/index.php?rest_route=\/wp\/v2\/product"}],"about":[{"href":"https:\/\/stayfit.com.ar\/index.php?rest_route=\/wp\/v2\/types\/product"}],"wp:featuredmedia":[{"embeddable":true,"href":"https:\/\/stayfit.com.ar\/index.php?rest_route=\/wp\/v2\/media\/14722"}],"wp:attachment":[{"href":"https:\/\/stayfit.com.ar\/index.php?rest_route=%2Fwp%2Fv2%2Fmedia&parent=14721"}],"wp:term":[{"taxonomy":"product_brand","embeddable":true,"href":"https:\/\/stayfit.com.ar\/index.php?rest_route=%2Fwp%2Fv2%2Fproduct_brand&post=14721"},{"taxonomy":"product_cat","embeddable":true,"href":"https:\/\/stayfit.com.ar\/index.php?rest_route=%2Fwp%2Fv2%2Fproduct_cat&post=14721"},{"taxonomy":"product_tag","embeddable":true,"href":"https:\/\/stayfit.com.ar\/index.php?rest_route=%2Fwp%2Fv2%2Fproduct_tag&post=14721"}],"curies":[{"name":"wp","href":"https:\/\/api.w.org\/{rel}","templated":true}]}}