{"id":14724,"date":"2022-10-09T16:23:23","date_gmt":"2022-10-09T19:23:23","guid":{"rendered":"https:\/\/stayfit.com.ar\/?post_type=product&#038;p=14724"},"modified":"2025-11-24T15:23:19","modified_gmt":"2025-11-24T18:23:19","slug":"l-glutamina-sin-sabor-300gr-3","status":"publish","type":"product","link":"https:\/\/stayfit.com.ar\/?product=l-glutamina-sin-sabor-300gr-3","title":{"rendered":"<strong>L-GLUTAMINA SIN SABOR 300gr BODY ADVANCE<\/strong>"},"content":{"rendered":"<p>DESCRIPCION:<br \/>\nL-GLUTAMINE es un amino\u00e1cido esencial que en nuestro cuerpo se encuentra en casi todos los tejidos y que interviene directamente en la reconstrucci\u00f3n y formaci\u00f3n de los mismos.<br \/>\nLa glutamina la obtenemos por medio de los alimentos, concretamente a trav\u00e9s de las prote\u00ednas, pero en ocasiones en las que el entrenamiento es excesivo, complementarla nos facilitar\u00e1 el aporte que nuestro cuerpo necesita para llevar a cabo sus funciones.<br \/>\nMODO DE USO:<br \/>\nComo suplemento diet\u00e9tico, consumir 1 porci\u00f3n (1 cucharadita de t\u00e9) 1\/2 hora despu\u00e9s del entrenamiento o antes de ir a dormir<\/p>\n","protected":false},"excerpt":{"rendered":"<p>Suplemento diet\u00e9tico a base de l-glutamina.<br \/>\n300G |\u00a060 SERVICIOS\u00a0|\u00a05G GLUTAMINA X SERV.<br \/>\nRECUPERACI\u00d3N Y CRECIMIENTO MUSCULAR<br \/>\nEVITA LA OXIDACI\u00d3N MUSCULAR<br \/>\nREGENERA Y RECUPERA TEJIDOS<\/p>\n","protected":false},"featured_media":14725,"template":"","meta":{"_monsterinsights_skip_tracking":false,"_monsterinsights_sitenote_active":false,"_monsterinsights_sitenote_note":"","_monsterinsights_sitenote_category":0},"product_brand":[],"product_cat":[126,150],"product_tag":[],"class_list":{"0":"post-14724","1":"product","2":"type-product","3":"status-publish","4":"has-post-thumbnail","6":"product_cat-body-advance","7":"product_cat-glutaminas","9":"first","10":"instock","11":"taxable","12":"shipping-taxable","13":"purchasable","14":"product-type-simple"},"_links":{"self":[{"href":"https:\/\/stayfit.com.ar\/index.php?rest_route=\/wp\/v2\/product\/14724","targetHints":{"allow":["GET"]}}],"collection":[{"href":"https:\/\/stayfit.com.ar\/index.php?rest_route=\/wp\/v2\/product"}],"about":[{"href":"https:\/\/stayfit.com.ar\/index.php?rest_route=\/wp\/v2\/types\/product"}],"wp:featuredmedia":[{"embeddable":true,"href":"https:\/\/stayfit.com.ar\/index.php?rest_route=\/wp\/v2\/media\/14725"}],"wp:attachment":[{"href":"https:\/\/stayfit.com.ar\/index.php?rest_route=%2Fwp%2Fv2%2Fmedia&parent=14724"}],"wp:term":[{"taxonomy":"product_brand","embeddable":true,"href":"https:\/\/stayfit.com.ar\/index.php?rest_route=%2Fwp%2Fv2%2Fproduct_brand&post=14724"},{"taxonomy":"product_cat","embeddable":true,"href":"https:\/\/stayfit.com.ar\/index.php?rest_route=%2Fwp%2Fv2%2Fproduct_cat&post=14724"},{"taxonomy":"product_tag","embeddable":true,"href":"https:\/\/stayfit.com.ar\/index.php?rest_route=%2Fwp%2Fv2%2Fproduct_tag&post=14724"}],"curies":[{"name":"wp","href":"https:\/\/api.w.org\/{rel}","templated":true}]}}