{"id":14735,"date":"2022-10-09T16:38:23","date_gmt":"2022-10-09T19:38:23","guid":{"rendered":"https:\/\/stayfit.com.ar\/?post_type=product&#038;p=14735"},"modified":"2026-03-27T09:22:28","modified_gmt":"2026-03-27T12:22:28","slug":"l-carnitina-60caps","status":"publish","type":"product","link":"https:\/\/stayfit.com.ar\/?product=l-carnitina-60caps","title":{"rendered":"L- CARNITINA 60caps STAR NUTRITION"},"content":{"rendered":"<p>DESCRIPCION:<br \/>\nL-Carnitine es un nutriente vitam\u00ednico de origen natural. Cumple un importante rol en el metabolismo humano.<br \/>\nEs esencial en la utilizaci\u00f3n de las grasas y como transporte de energ\u00eda metab\u00f3lica.<br \/>\nMODO DE USO:<br \/>\nConsumir 1 porci\u00f3n diaria (2 comprimidos) o como lo indique su especialista.<\/p>\n","protected":false},"excerpt":{"rendered":"<p>Suplemento dietario a base de L-Carnitina.<br \/>\n60 COMP. | 30SERV. | 1000MG L-CARNITINA X SERV<\/p>\n","protected":false},"featured_media":14736,"template":"","meta":{"_monsterinsights_skip_tracking":false,"_monsterinsights_sitenote_active":false,"_monsterinsights_sitenote_note":"","_monsterinsights_sitenote_category":0},"product_brand":[],"product_cat":[151,129],"product_tag":[],"class_list":{"0":"post-14735","1":"product","2":"type-product","3":"status-publish","4":"has-post-thumbnail","6":"product_cat-carnitinas","7":"product_cat-star-nutrition","9":"first","10":"instock","11":"taxable","12":"shipping-taxable","13":"purchasable","14":"product-type-simple"},"_links":{"self":[{"href":"https:\/\/stayfit.com.ar\/index.php?rest_route=\/wp\/v2\/product\/14735","targetHints":{"allow":["GET"]}}],"collection":[{"href":"https:\/\/stayfit.com.ar\/index.php?rest_route=\/wp\/v2\/product"}],"about":[{"href":"https:\/\/stayfit.com.ar\/index.php?rest_route=\/wp\/v2\/types\/product"}],"wp:featuredmedia":[{"embeddable":true,"href":"https:\/\/stayfit.com.ar\/index.php?rest_route=\/wp\/v2\/media\/14736"}],"wp:attachment":[{"href":"https:\/\/stayfit.com.ar\/index.php?rest_route=%2Fwp%2Fv2%2Fmedia&parent=14735"}],"wp:term":[{"taxonomy":"product_brand","embeddable":true,"href":"https:\/\/stayfit.com.ar\/index.php?rest_route=%2Fwp%2Fv2%2Fproduct_brand&post=14735"},{"taxonomy":"product_cat","embeddable":true,"href":"https:\/\/stayfit.com.ar\/index.php?rest_route=%2Fwp%2Fv2%2Fproduct_cat&post=14735"},{"taxonomy":"product_tag","embeddable":true,"href":"https:\/\/stayfit.com.ar\/index.php?rest_route=%2Fwp%2Fv2%2Fproduct_tag&post=14735"}],"curies":[{"name":"wp","href":"https:\/\/api.w.org\/{rel}","templated":true}]}}