{"id":14738,"date":"2022-10-09T16:42:31","date_gmt":"2022-10-09T19:42:31","guid":{"rendered":"https:\/\/stayfit.com.ar\/?post_type=product&#038;p=14738"},"modified":"2026-03-15T23:01:16","modified_gmt":"2026-03-16T02:01:16","slug":"l-carnitina-90caps","status":"publish","type":"product","link":"https:\/\/stayfit.com.ar\/?product=l-carnitina-90caps","title":{"rendered":"L- CARNITINA 90caps XTRENGHT"},"content":{"rendered":"<p>DESCRIPCION:<br \/>\nCARNITINE\u00a0 contiene L-Carnitina tartrato de la marca Carnipure, materia prima importada de 99,9 % de pureza, la m\u00e1s estudiada y controlada del mercado, lo que garantiza una alt\u00edsima calidad de producto. Cada toma, comprendida en dos c\u00e1psulas, aporta 1200 miligramos de la mejor L-Carnitina del mercado. Con este suplemento, lograr\u00e1s promover la salud de la composici\u00f3n corporal mediante el transporte de grasas en las mitocondrias para la reducci\u00f3n de energ\u00eda. Y mejorar\u00e1s la resistencia y el desempe\u00f1o durante tu d\u00eda, ya que reduce el \u00e1cido l\u00e1ctico acumulado tras el entrenamiento. Esto tu ayudar\u00e1 a quemar grasas de forma efectiva y ser\u00e1 un gran apoyo en tu dieta<br \/>\nMODO DE USO:<br \/>\nTomar 1 a 2 c\u00e1psulas por d\u00eda, divididos en dos tomas: una hora antes de entrenar e inmediatamente despu\u00e9s de finalizar la rutina.<\/p>\n","protected":false},"excerpt":{"rendered":"<p>Suplemento dietario a base de L-Carnitina.<br \/>\n90 COMP.\u00a0 1000MG L-CARNITINA X SERV<\/p>\n","protected":false},"featured_media":14739,"template":"","meta":{"_monsterinsights_skip_tracking":false,"_monsterinsights_sitenote_active":false,"_monsterinsights_sitenote_note":"","_monsterinsights_sitenote_category":0},"product_brand":[],"product_cat":[151,133],"product_tag":[],"class_list":{"0":"post-14738","1":"product","2":"type-product","3":"status-publish","4":"has-post-thumbnail","6":"product_cat-carnitinas","7":"product_cat-xtrenght","9":"first","10":"instock","11":"taxable","12":"shipping-taxable","13":"purchasable","14":"product-type-simple"},"_links":{"self":[{"href":"https:\/\/stayfit.com.ar\/index.php?rest_route=\/wp\/v2\/product\/14738","targetHints":{"allow":["GET"]}}],"collection":[{"href":"https:\/\/stayfit.com.ar\/index.php?rest_route=\/wp\/v2\/product"}],"about":[{"href":"https:\/\/stayfit.com.ar\/index.php?rest_route=\/wp\/v2\/types\/product"}],"wp:featuredmedia":[{"embeddable":true,"href":"https:\/\/stayfit.com.ar\/index.php?rest_route=\/wp\/v2\/media\/14739"}],"wp:attachment":[{"href":"https:\/\/stayfit.com.ar\/index.php?rest_route=%2Fwp%2Fv2%2Fmedia&parent=14738"}],"wp:term":[{"taxonomy":"product_brand","embeddable":true,"href":"https:\/\/stayfit.com.ar\/index.php?rest_route=%2Fwp%2Fv2%2Fproduct_brand&post=14738"},{"taxonomy":"product_cat","embeddable":true,"href":"https:\/\/stayfit.com.ar\/index.php?rest_route=%2Fwp%2Fv2%2Fproduct_cat&post=14738"},{"taxonomy":"product_tag","embeddable":true,"href":"https:\/\/stayfit.com.ar\/index.php?rest_route=%2Fwp%2Fv2%2Fproduct_tag&post=14738"}],"curies":[{"name":"wp","href":"https:\/\/api.w.org\/{rel}","templated":true}]}}