{"id":14742,"date":"2022-10-09T16:47:59","date_gmt":"2022-10-09T19:47:59","guid":{"rendered":"https:\/\/stayfit.com.ar\/?post_type=product&#038;p=14742"},"modified":"2026-04-07T23:47:28","modified_gmt":"2026-04-08T02:47:28","slug":"l-carnitina-60caps-2","status":"publish","type":"product","link":"https:\/\/stayfit.com.ar\/?product=l-carnitina-60caps-2","title":{"rendered":"L- CARNITINA 60caps ENA"},"content":{"rendered":"<p>DESCRIPCION:<br \/>\nMejora el metabolismo, aporta energ\u00eda pre work.<br \/>\nEs un producto superior esencial para qui\u00e9n est\u00e1 buscando reducir grasas y ganar m\u00e1s energ\u00eda. Es de la m\u00e1s alta pureza, para asegurar los mejores resultados. CARNITINA 1500 MG es un producto que se consume previo a los entrenamientos, ya que al quemar grasas aporta la energ\u00eda que necesitas para rendir al m\u00e1ximo.<br \/>\nEs un amino\u00e1cido que favorece la conversi\u00f3n de \u00e1cidos grasos en energ\u00eda. Ayuda a mantener normales los niveles de colesterol y triglic\u00e9ridos, mejorando el sistema circulatorio. La carnitina tambi\u00e9n ayuda a potenciar tu performance atl\u00e9tica y a acelerar tu velocidad de recuperaci\u00f3n.<br \/>\nMODO DE USO:<br \/>\nIngesta diaria: consumir de 2 a 3 pastillas, 30 a 60 minutos antes de la sesi\u00f3n de ejercicios.<\/p>\n","protected":false},"excerpt":{"rendered":"<p>Suplemento dietario a base de L-Carnitina.<br \/>\n60 COMP.\u00a0 1000MG L-CARNITINA X SERV<\/p>\n","protected":false},"featured_media":14743,"template":"","meta":{"_monsterinsights_skip_tracking":false,"_monsterinsights_sitenote_active":false,"_monsterinsights_sitenote_note":"","_monsterinsights_sitenote_category":0},"product_brand":[],"product_cat":[151,137],"product_tag":[],"class_list":{"0":"post-14742","1":"product","2":"type-product","3":"status-publish","4":"has-post-thumbnail","6":"product_cat-carnitinas","7":"product_cat-ena","9":"first","10":"instock","11":"taxable","12":"shipping-taxable","13":"purchasable","14":"product-type-simple"},"_links":{"self":[{"href":"https:\/\/stayfit.com.ar\/index.php?rest_route=\/wp\/v2\/product\/14742","targetHints":{"allow":["GET"]}}],"collection":[{"href":"https:\/\/stayfit.com.ar\/index.php?rest_route=\/wp\/v2\/product"}],"about":[{"href":"https:\/\/stayfit.com.ar\/index.php?rest_route=\/wp\/v2\/types\/product"}],"wp:featuredmedia":[{"embeddable":true,"href":"https:\/\/stayfit.com.ar\/index.php?rest_route=\/wp\/v2\/media\/14743"}],"wp:attachment":[{"href":"https:\/\/stayfit.com.ar\/index.php?rest_route=%2Fwp%2Fv2%2Fmedia&parent=14742"}],"wp:term":[{"taxonomy":"product_brand","embeddable":true,"href":"https:\/\/stayfit.com.ar\/index.php?rest_route=%2Fwp%2Fv2%2Fproduct_brand&post=14742"},{"taxonomy":"product_cat","embeddable":true,"href":"https:\/\/stayfit.com.ar\/index.php?rest_route=%2Fwp%2Fv2%2Fproduct_cat&post=14742"},{"taxonomy":"product_tag","embeddable":true,"href":"https:\/\/stayfit.com.ar\/index.php?rest_route=%2Fwp%2Fv2%2Fproduct_tag&post=14742"}],"curies":[{"name":"wp","href":"https:\/\/api.w.org\/{rel}","templated":true}]}}