{"id":14745,"date":"2022-10-09T16:53:48","date_gmt":"2022-10-09T19:53:48","guid":{"rendered":"https:\/\/stayfit.com.ar\/?post_type=product&#038;p=14745"},"modified":"2026-03-27T09:22:28","modified_gmt":"2026-03-27T12:22:28","slug":"thermo-fuel-120caps","status":"publish","type":"product","link":"https:\/\/stayfit.com.ar\/?product=thermo-fuel-120caps","title":{"rendered":"THERMO FUEL 120caps STAR NUTRITION"},"content":{"rendered":"<p>DESCRIPCION:<br \/>\nTHERMO FUEL es el suplemento que buscabas. Con dos a cuatro c\u00e1psulas diarias, aument\u00e1s la capacidad de quemar calor\u00edas y te proporciona m\u00e1s energ\u00eda para aprovechar cada momento del d\u00eda y entrenar al m\u00e1ximo.<br \/>\nMODO DE USO:<br \/>\nTomar 2 c\u00e1psulas por la ma\u00f1ana y 2 c\u00e1psulas 15 minutos antes del entrenamiento o como lo indique su m\u00e9dico.<\/p>\n","protected":false},"excerpt":{"rendered":"<p>Suplemento dietario a base de extractos vegetales y vitaminas, en c\u00e1psulas.<br \/>\n120 CAP. | 30 SERV. | 6 EXT. NATURALES<\/p>\n","protected":false},"featured_media":14746,"template":"","meta":{"_monsterinsights_skip_tracking":false,"_monsterinsights_sitenote_active":false,"_monsterinsights_sitenote_note":"","_monsterinsights_sitenote_category":0},"product_brand":[],"product_cat":[152,129],"product_tag":[],"class_list":{"0":"post-14745","1":"product","2":"type-product","3":"status-publish","4":"has-post-thumbnail","6":"product_cat-quemadores","7":"product_cat-star-nutrition","9":"first","10":"instock","11":"taxable","12":"shipping-taxable","13":"purchasable","14":"product-type-simple"},"_links":{"self":[{"href":"https:\/\/stayfit.com.ar\/index.php?rest_route=\/wp\/v2\/product\/14745","targetHints":{"allow":["GET"]}}],"collection":[{"href":"https:\/\/stayfit.com.ar\/index.php?rest_route=\/wp\/v2\/product"}],"about":[{"href":"https:\/\/stayfit.com.ar\/index.php?rest_route=\/wp\/v2\/types\/product"}],"wp:featuredmedia":[{"embeddable":true,"href":"https:\/\/stayfit.com.ar\/index.php?rest_route=\/wp\/v2\/media\/14746"}],"wp:attachment":[{"href":"https:\/\/stayfit.com.ar\/index.php?rest_route=%2Fwp%2Fv2%2Fmedia&parent=14745"}],"wp:term":[{"taxonomy":"product_brand","embeddable":true,"href":"https:\/\/stayfit.com.ar\/index.php?rest_route=%2Fwp%2Fv2%2Fproduct_brand&post=14745"},{"taxonomy":"product_cat","embeddable":true,"href":"https:\/\/stayfit.com.ar\/index.php?rest_route=%2Fwp%2Fv2%2Fproduct_cat&post=14745"},{"taxonomy":"product_tag","embeddable":true,"href":"https:\/\/stayfit.com.ar\/index.php?rest_route=%2Fwp%2Fv2%2Fproduct_tag&post=14745"}],"curies":[{"name":"wp","href":"https:\/\/api.w.org\/{rel}","templated":true}]}}