{"id":14748,"date":"2022-10-09T16:58:39","date_gmt":"2022-10-09T19:58:39","guid":{"rendered":"https:\/\/stayfit.com.ar\/?post_type=product&#038;p=14748"},"modified":"2026-03-15T23:01:16","modified_gmt":"2026-03-16T02:01:16","slug":"cutter-120caps","status":"publish","type":"product","link":"https:\/\/stayfit.com.ar\/?product=cutter-120caps","title":{"rendered":"CUTTER 120caps XTRENGHT"},"content":{"rendered":"<p>DESCRIPCION:<br \/>\nCUTTER es el suplemento que buscabas. Con dos a cuatro c\u00e1psulas diarias, aument\u00e1s la capacidad de quemar calor\u00edas y te proporciona m\u00e1s energ\u00eda para aprovechar cada momento del d\u00eda y entrenar al m\u00e1ximo. CUTTER\u00a0 est\u00e1 conformado por una f\u00f3rmula que lleva m\u00e1s de catorce a\u00f1os de estudio, y los resultados fueron probados por cientos de atletas en Argentina, Latinoam\u00e9rica, Estados Unidos y Europa.<br \/>\nMODO DE USO:<br \/>\ntomar de 1 a 4 c\u00e1psulas diarias preferentemente una hora antes de las comidas o del entrenamiento. Es recomendable acompa\u00f1ar la ingesta del producto con una dieta saludable reducida en calor\u00edas y un programa de ejercicios. No exceder las 4 c\u00e1psulas diarias.<\/p>\n","protected":false},"excerpt":{"rendered":"<p>Suplemento dietario a base de extractos vegetales y vitaminas, en c\u00e1psulas.<br \/>\n120 CAP. | 30 SERV. | 6 EXT. NATURALES<\/p>\n","protected":false},"featured_media":14749,"template":"","meta":{"_monsterinsights_skip_tracking":false,"_monsterinsights_sitenote_active":false,"_monsterinsights_sitenote_note":"","_monsterinsights_sitenote_category":0},"product_brand":[],"product_cat":[152,133],"product_tag":[],"class_list":{"0":"post-14748","1":"product","2":"type-product","3":"status-publish","4":"has-post-thumbnail","6":"product_cat-quemadores","7":"product_cat-xtrenght","9":"first","10":"instock","11":"taxable","12":"shipping-taxable","13":"purchasable","14":"product-type-simple"},"_links":{"self":[{"href":"https:\/\/stayfit.com.ar\/index.php?rest_route=\/wp\/v2\/product\/14748","targetHints":{"allow":["GET"]}}],"collection":[{"href":"https:\/\/stayfit.com.ar\/index.php?rest_route=\/wp\/v2\/product"}],"about":[{"href":"https:\/\/stayfit.com.ar\/index.php?rest_route=\/wp\/v2\/types\/product"}],"wp:featuredmedia":[{"embeddable":true,"href":"https:\/\/stayfit.com.ar\/index.php?rest_route=\/wp\/v2\/media\/14749"}],"wp:attachment":[{"href":"https:\/\/stayfit.com.ar\/index.php?rest_route=%2Fwp%2Fv2%2Fmedia&parent=14748"}],"wp:term":[{"taxonomy":"product_brand","embeddable":true,"href":"https:\/\/stayfit.com.ar\/index.php?rest_route=%2Fwp%2Fv2%2Fproduct_brand&post=14748"},{"taxonomy":"product_cat","embeddable":true,"href":"https:\/\/stayfit.com.ar\/index.php?rest_route=%2Fwp%2Fv2%2Fproduct_cat&post=14748"},{"taxonomy":"product_tag","embeddable":true,"href":"https:\/\/stayfit.com.ar\/index.php?rest_route=%2Fwp%2Fv2%2Fproduct_tag&post=14748"}],"curies":[{"name":"wp","href":"https:\/\/api.w.org\/{rel}","templated":true}]}}