{"id":14757,"date":"2022-10-09T17:12:30","date_gmt":"2022-10-09T20:12:30","guid":{"rendered":"https:\/\/stayfit.com.ar\/?post_type=product&#038;p=14757"},"modified":"2026-05-08T00:17:19","modified_gmt":"2026-05-08T03:17:19","slug":"ripped-x-60caps","status":"publish","type":"product","link":"https:\/\/stayfit.com.ar\/?product=ripped-x-60caps","title":{"rendered":"RIPPED X 60caps ENA"},"content":{"rendered":"<p>DESCRIPCION:<br \/>\nPotente termog\u00e9nico, ayuda al descenso de peso. A base de Pimiento ,Pimienta negra, Te verde yVitamina b3<br \/>\nuna combinaci\u00f3n nunca antes vista para ofrecerte una experiencia \u00fanica. Junto con un intenso estallido de energ\u00eda te ayuda a entrenar con m\u00e1xima intensidad desde el primer d\u00eda.<br \/>\nRipped X ha sido desarrollado con la combinaci\u00f3n perfecta de ingredientes naturales.<br \/>\nMODO DE USO:<br \/>\nConsumir 2 capsulas por dia con abundante agua 30 minutos antes del almuerzo. Para un entrenamiento explosivo tomar 2 capsulas antes de entrenar. No exceder de 4 capsulas al dia.<\/p>\n","protected":false},"excerpt":{"rendered":"<p>Suplemento dietario a base de extractos vegetales y vitaminas, en c\u00e1psulas.<br \/>\n60 CAP. | 6 EXT. NATURALES<\/p>\n","protected":false},"featured_media":14758,"template":"","meta":{"_monsterinsights_skip_tracking":false,"_monsterinsights_sitenote_active":false,"_monsterinsights_sitenote_note":"","_monsterinsights_sitenote_category":0},"product_brand":[],"product_cat":[137,152],"product_tag":[],"class_list":{"0":"post-14757","1":"product","2":"type-product","3":"status-publish","4":"has-post-thumbnail","6":"product_cat-ena","7":"product_cat-quemadores","9":"first","10":"instock","11":"taxable","12":"shipping-taxable","13":"purchasable","14":"product-type-simple"},"_links":{"self":[{"href":"https:\/\/stayfit.com.ar\/index.php?rest_route=\/wp\/v2\/product\/14757","targetHints":{"allow":["GET"]}}],"collection":[{"href":"https:\/\/stayfit.com.ar\/index.php?rest_route=\/wp\/v2\/product"}],"about":[{"href":"https:\/\/stayfit.com.ar\/index.php?rest_route=\/wp\/v2\/types\/product"}],"wp:featuredmedia":[{"embeddable":true,"href":"https:\/\/stayfit.com.ar\/index.php?rest_route=\/wp\/v2\/media\/14758"}],"wp:attachment":[{"href":"https:\/\/stayfit.com.ar\/index.php?rest_route=%2Fwp%2Fv2%2Fmedia&parent=14757"}],"wp:term":[{"taxonomy":"product_brand","embeddable":true,"href":"https:\/\/stayfit.com.ar\/index.php?rest_route=%2Fwp%2Fv2%2Fproduct_brand&post=14757"},{"taxonomy":"product_cat","embeddable":true,"href":"https:\/\/stayfit.com.ar\/index.php?rest_route=%2Fwp%2Fv2%2Fproduct_cat&post=14757"},{"taxonomy":"product_tag","embeddable":true,"href":"https:\/\/stayfit.com.ar\/index.php?rest_route=%2Fwp%2Fv2%2Fproduct_tag&post=14757"}],"curies":[{"name":"wp","href":"https:\/\/api.w.org\/{rel}","templated":true}]}}