{"id":14766,"date":"2022-10-09T17:34:52","date_gmt":"2022-10-09T20:34:52","guid":{"rendered":"https:\/\/stayfit.com.ar\/?post_type=product&#038;p=14766"},"modified":"2025-11-24T15:19:48","modified_gmt":"2025-11-24T18:19:48","slug":"lipo-extreme-60caps","status":"publish","type":"product","link":"https:\/\/stayfit.com.ar\/?product=lipo-extreme-60caps","title":{"rendered":"<strong>LIPO EXTREME 60caps BODY ADVANCE<\/strong>"},"content":{"rendered":"<p>DESCRIPCION:<br \/>\nTERMOG\u00c9NICO A BASE DE EXTRACTOS VEGETALES, VITAMINAS,<br \/>\nMINERALES Y AMINO\u00c1CIDOS.<br \/>\n+ Tiene una incre\u00edble acci\u00f3n termog\u00e9nica para ayudar a quemar grasa sin control<br \/>\n+ Ayuda a mejorar el metabolismo y a potenciar la acci\u00f3n lipol\u00edtica<br \/>\n+Se asimila de forma r\u00e1pida<br \/>\n+Sin efecto rebote.<br \/>\nMODO DE USO:<br \/>\n1 o 2 comprimidos 30 min antes del ejercicio.<\/p>\n","protected":false},"excerpt":{"rendered":"<p>Suplemento dietario a base de extractos vegetales y vitaminas, en c\u00e1psulas.<br \/>\n60 CAP. | 6 EXT. NATURALES<\/p>\n","protected":false},"featured_media":14767,"template":"","meta":{"_monsterinsights_skip_tracking":false,"_monsterinsights_sitenote_active":false,"_monsterinsights_sitenote_note":"","_monsterinsights_sitenote_category":0},"product_brand":[],"product_cat":[126,152],"product_tag":[],"class_list":{"0":"post-14766","1":"product","2":"type-product","3":"status-publish","4":"has-post-thumbnail","6":"product_cat-body-advance","7":"product_cat-quemadores","9":"first","10":"instock","11":"taxable","12":"shipping-taxable","13":"purchasable","14":"product-type-simple"},"_links":{"self":[{"href":"https:\/\/stayfit.com.ar\/index.php?rest_route=\/wp\/v2\/product\/14766","targetHints":{"allow":["GET"]}}],"collection":[{"href":"https:\/\/stayfit.com.ar\/index.php?rest_route=\/wp\/v2\/product"}],"about":[{"href":"https:\/\/stayfit.com.ar\/index.php?rest_route=\/wp\/v2\/types\/product"}],"wp:featuredmedia":[{"embeddable":true,"href":"https:\/\/stayfit.com.ar\/index.php?rest_route=\/wp\/v2\/media\/14767"}],"wp:attachment":[{"href":"https:\/\/stayfit.com.ar\/index.php?rest_route=%2Fwp%2Fv2%2Fmedia&parent=14766"}],"wp:term":[{"taxonomy":"product_brand","embeddable":true,"href":"https:\/\/stayfit.com.ar\/index.php?rest_route=%2Fwp%2Fv2%2Fproduct_brand&post=14766"},{"taxonomy":"product_cat","embeddable":true,"href":"https:\/\/stayfit.com.ar\/index.php?rest_route=%2Fwp%2Fv2%2Fproduct_cat&post=14766"},{"taxonomy":"product_tag","embeddable":true,"href":"https:\/\/stayfit.com.ar\/index.php?rest_route=%2Fwp%2Fv2%2Fproduct_tag&post=14766"}],"curies":[{"name":"wp","href":"https:\/\/api.w.org\/{rel}","templated":true}]}}