{"id":14769,"date":"2022-10-09T20:33:22","date_gmt":"2022-10-09T23:33:22","guid":{"rendered":"https:\/\/stayfit.com.ar\/?post_type=product&#038;p=14769"},"modified":"2026-03-27T09:22:38","modified_gmt":"2026-03-27T12:22:38","slug":"tnt-dynamite-240gr","status":"publish","type":"product","link":"https:\/\/stayfit.com.ar\/?product=tnt-dynamite-240gr","title":{"rendered":"<strong>TNT-DYNAMITE 240gr STAR NUTRITION<\/strong>"},"content":{"rendered":"<p>DESCRIPCION:<br \/>\nTNT es el nuevo pre-entreno de Star Nutrition con una f\u00f3rmula 100% renovada.<br \/>\nContiene los 8 ingredientes activos que necesitas para entrenar intensamente, por m\u00e1s tiempo, con mayor volumen de sangre en los m\u00fasculos y super motivado.<br \/>\nAdem\u00e1s es muy bajo en calor\u00edas y tiene un sabor delicioso y refrescante.<br \/>\nSin ingredientes de relleno.<br \/>\nMODO DE USO:<br \/>\nDiluir 1 medida colmada (8g) en 500cm3 de agua fr\u00eda una vez al d\u00eda.<br \/>\nConsumir 15 a 30 minutos antes del entrenamiento o la competencia.<br \/>\nNo consumir m\u00e1s de 2 porciones diarias.<\/p>\n","protected":false},"excerpt":{"rendered":"<p>Polvo para preparar bebida analcoh\u00f3lica diet\u00e9tica con cafe\u00edna y taurina suplementada con vitaminas.<br \/>\n240 GRAMOS | 30 SERV. | SUPERIOR PERFORMANCE<\/p>\n","protected":false},"featured_media":14772,"template":"","meta":{"_monsterinsights_skip_tracking":false,"_monsterinsights_sitenote_active":false,"_monsterinsights_sitenote_note":"","_monsterinsights_sitenote_category":0},"product_brand":[],"product_cat":[155,129],"product_tag":[],"class_list":{"0":"post-14769","1":"product","2":"type-product","3":"status-publish","4":"has-post-thumbnail","6":"product_cat-pre-entrenos","7":"product_cat-star-nutrition","9":"first","10":"instock","11":"taxable","12":"shipping-taxable","13":"purchasable","14":"product-type-variable"},"_links":{"self":[{"href":"https:\/\/stayfit.com.ar\/index.php?rest_route=\/wp\/v2\/product\/14769","targetHints":{"allow":["GET"]}}],"collection":[{"href":"https:\/\/stayfit.com.ar\/index.php?rest_route=\/wp\/v2\/product"}],"about":[{"href":"https:\/\/stayfit.com.ar\/index.php?rest_route=\/wp\/v2\/types\/product"}],"wp:featuredmedia":[{"embeddable":true,"href":"https:\/\/stayfit.com.ar\/index.php?rest_route=\/wp\/v2\/media\/14772"}],"wp:attachment":[{"href":"https:\/\/stayfit.com.ar\/index.php?rest_route=%2Fwp%2Fv2%2Fmedia&parent=14769"}],"wp:term":[{"taxonomy":"product_brand","embeddable":true,"href":"https:\/\/stayfit.com.ar\/index.php?rest_route=%2Fwp%2Fv2%2Fproduct_brand&post=14769"},{"taxonomy":"product_cat","embeddable":true,"href":"https:\/\/stayfit.com.ar\/index.php?rest_route=%2Fwp%2Fv2%2Fproduct_cat&post=14769"},{"taxonomy":"product_tag","embeddable":true,"href":"https:\/\/stayfit.com.ar\/index.php?rest_route=%2Fwp%2Fv2%2Fproduct_tag&post=14769"}],"curies":[{"name":"wp","href":"https:\/\/api.w.org\/{rel}","templated":true}]}}