{"id":14787,"date":"2022-10-09T20:43:31","date_gmt":"2022-10-09T23:43:31","guid":{"rendered":"https:\/\/stayfit.com.ar\/?post_type=product&#038;p=14787"},"modified":"2026-03-27T09:22:38","modified_gmt":"2026-03-27T12:22:38","slug":"pump-3d-ripped-315gr","status":"publish","type":"product","link":"https:\/\/stayfit.com.ar\/?product=pump-3d-ripped-315gr","title":{"rendered":"<strong>PUMP 3D RIPPED 315gr STAR NUTRITION<\/strong>"},"content":{"rendered":"<p>DESCRIPCION:<br \/>\nPUMP 3D RIPPED es el nuevo pre-entreno de Star Nutrition con una f\u00f3rmula 100% renovada.<br \/>\nContiene los 8 ingredientes activos que necesitas para entrenar intensamente, por m\u00e1s tiempo, con mayor volumen de sangre en los m\u00fasculos y super motivado.<br \/>\nAdem\u00e1s es muy bajo en calor\u00edas y tiene un sabor delicioso y refrescante.<br \/>\nSin ingredientes de relleno.<br \/>\nMODO DE USO:<br \/>\nDiluir 1 medida (7 gr = 1 cucharada de t\u00e9 colmada) en un Shaker Star Nutrition con 500 cm3 de agua, o como lo indique su m\u00e9dico.<\/p>\n","protected":false},"excerpt":{"rendered":"<p>Polvo para preparar bebida analcoh\u00f3lica energizante con cafe\u00edna y taurina, suplementado con vitaminas, amino\u00e1cidos y extractos de caf\u00e9 verde, t\u00e9 verde, guaran\u00e1 y cayena.<br \/>\n315 GRAMOS | 45 SERVICIOS X ENVASE<\/p>\n","protected":false},"featured_media":14790,"template":"","meta":{"_monsterinsights_skip_tracking":false,"_monsterinsights_sitenote_active":false,"_monsterinsights_sitenote_note":"","_monsterinsights_sitenote_category":0},"product_brand":[],"product_cat":[155,129],"product_tag":[],"class_list":{"0":"post-14787","1":"product","2":"type-product","3":"status-publish","4":"has-post-thumbnail","6":"product_cat-pre-entrenos","7":"product_cat-star-nutrition","9":"first","10":"instock","11":"taxable","12":"shipping-taxable","13":"purchasable","14":"product-type-variable"},"_links":{"self":[{"href":"https:\/\/stayfit.com.ar\/index.php?rest_route=\/wp\/v2\/product\/14787","targetHints":{"allow":["GET"]}}],"collection":[{"href":"https:\/\/stayfit.com.ar\/index.php?rest_route=\/wp\/v2\/product"}],"about":[{"href":"https:\/\/stayfit.com.ar\/index.php?rest_route=\/wp\/v2\/types\/product"}],"wp:featuredmedia":[{"embeddable":true,"href":"https:\/\/stayfit.com.ar\/index.php?rest_route=\/wp\/v2\/media\/14790"}],"wp:attachment":[{"href":"https:\/\/stayfit.com.ar\/index.php?rest_route=%2Fwp%2Fv2%2Fmedia&parent=14787"}],"wp:term":[{"taxonomy":"product_brand","embeddable":true,"href":"https:\/\/stayfit.com.ar\/index.php?rest_route=%2Fwp%2Fv2%2Fproduct_brand&post=14787"},{"taxonomy":"product_cat","embeddable":true,"href":"https:\/\/stayfit.com.ar\/index.php?rest_route=%2Fwp%2Fv2%2Fproduct_cat&post=14787"},{"taxonomy":"product_tag","embeddable":true,"href":"https:\/\/stayfit.com.ar\/index.php?rest_route=%2Fwp%2Fv2%2Fproduct_tag&post=14787"}],"curies":[{"name":"wp","href":"https:\/\/api.w.org\/{rel}","templated":true}]}}