{"id":14793,"date":"2022-10-09T20:48:28","date_gmt":"2022-10-09T23:48:28","guid":{"rendered":"https:\/\/stayfit.com.ar\/?post_type=product&#038;p=14793"},"modified":"2026-04-07T23:47:32","modified_gmt":"2026-04-08T02:47:32","slug":"pre-war-400gr","status":"publish","type":"product","link":"https:\/\/stayfit.com.ar\/?product=pre-war-400gr","title":{"rendered":"<strong>PRE WAR 400gr ENA<\/strong>"},"content":{"rendered":"<p>DESCRIPCION:<br \/>\nPRE WAR es la siguiente evoluci\u00f3n en pre entrenamientos. Dise\u00f1ado con precisi\u00f3n para desafiar tus l\u00edmites, favorece la concentraci\u00f3n, el aumento de energ\u00eda, la fuerza, el tama\u00f1o muscular y la recuperaci\u00f3n. Entrena con nuestro Pre work m\u00e1s completo y con f\u00f3rmula mejorada con 200mg de cafe\u00edna por ingesta.<br \/>\nTom\u00e1 el paso siguiente, tom\u00e1 PRE WAR.<br \/>\nMODO DE USO:<br \/>\nConsumir una medida (20 gramos) antes de entrenar. Para un excelente sabor, mezcl\u00e1 PRE WAR con 200 cm3 de agua fr\u00eda en un shaker ENA. Agitar energ\u00e9ticamente y consumir.<\/p>\n","protected":false},"excerpt":{"rendered":"<p>Polvo para preparar bebida analcoh\u00f3lica energizante con cafe\u00edna y taurina, suplementado con vitaminas, amino\u00e1cidos y extractos de caf\u00e9 verde, t\u00e9 verde, guaran\u00e1 y cayena.<br \/>\n400 GRAMOS | Energ\u00eda + Concentraci\u00f3n + Resistencia<\/p>\n","protected":false},"featured_media":14796,"template":"","meta":{"_monsterinsights_skip_tracking":false,"_monsterinsights_sitenote_active":false,"_monsterinsights_sitenote_note":"","_monsterinsights_sitenote_category":0},"product_brand":[],"product_cat":[137,155],"product_tag":[],"class_list":{"0":"post-14793","1":"product","2":"type-product","3":"status-publish","4":"has-post-thumbnail","6":"product_cat-ena","7":"product_cat-pre-entrenos","9":"first","10":"instock","11":"taxable","12":"shipping-taxable","13":"purchasable","14":"product-type-variable"},"_links":{"self":[{"href":"https:\/\/stayfit.com.ar\/index.php?rest_route=\/wp\/v2\/product\/14793","targetHints":{"allow":["GET"]}}],"collection":[{"href":"https:\/\/stayfit.com.ar\/index.php?rest_route=\/wp\/v2\/product"}],"about":[{"href":"https:\/\/stayfit.com.ar\/index.php?rest_route=\/wp\/v2\/types\/product"}],"wp:featuredmedia":[{"embeddable":true,"href":"https:\/\/stayfit.com.ar\/index.php?rest_route=\/wp\/v2\/media\/14796"}],"wp:attachment":[{"href":"https:\/\/stayfit.com.ar\/index.php?rest_route=%2Fwp%2Fv2%2Fmedia&parent=14793"}],"wp:term":[{"taxonomy":"product_brand","embeddable":true,"href":"https:\/\/stayfit.com.ar\/index.php?rest_route=%2Fwp%2Fv2%2Fproduct_brand&post=14793"},{"taxonomy":"product_cat","embeddable":true,"href":"https:\/\/stayfit.com.ar\/index.php?rest_route=%2Fwp%2Fv2%2Fproduct_cat&post=14793"},{"taxonomy":"product_tag","embeddable":true,"href":"https:\/\/stayfit.com.ar\/index.php?rest_route=%2Fwp%2Fv2%2Fproduct_tag&post=14793"}],"curies":[{"name":"wp","href":"https:\/\/api.w.org\/{rel}","templated":true}]}}