{"id":14805,"date":"2022-10-09T20:59:33","date_gmt":"2022-10-09T23:59:33","guid":{"rendered":"https:\/\/stayfit.com.ar\/?post_type=product&#038;p=14805"},"modified":"2025-11-24T15:19:08","modified_gmt":"2025-11-24T18:19:08","slug":"beast-blood-280gr","status":"publish","type":"product","link":"https:\/\/stayfit.com.ar\/?product=beast-blood-280gr","title":{"rendered":"<strong>BEAST BLOOD 280gr BODY ADVANCE<\/strong>"},"content":{"rendered":"<p>DESCRIPCION:<br \/>\nLa balanceada conjunci\u00f3n de sus materias primas hacen de Beast Blood un producto pensado para entrenamiento de \u00e9lite, deportistas que se exigen al m\u00e1ximo y necesitan un mayor rendimiento; Beast Blood \u201csangre de bestia\u201d se gana su nombre gracias al efecto\u00a0 vasodilatador que logran sus principales componentes, para de \u00e9sta forma llevar mayor oxigenaci\u00f3n a los m\u00fasculos y por ende nutrirlos y retrasar el fallo muscular, la sinergia entre sus diversas materias primas cuidadosamente seleccionadas para lograr \u00e9ste efecto, hacen de Beast Blood el producto indicado para lograr \u00e9sa explosi\u00f3n de poder con m\u00fasculos m\u00e1s llenos,\u00a0 fuertes y congestionados.<br \/>\nMODO DE USO:<br \/>\nMezclar 8 gramos (1 cuchara) en 150 ml de agua. Tomar antes de tu entrenamiento, lejos de las comidas.<\/p>\n","protected":false},"excerpt":{"rendered":"<p>SUPLEMENTO DIETARIO A BASE DE BETA ALANINA, ARGININA, TAURINA, VITAMINA C, TIROSINA, CAFE\u00cdNA, VITAMINA B3 Y B6, EN POLVO.<br \/>\n280 GRAMOS | Energ\u00eda + Concentraci\u00f3n + Resistencia<\/p>\n","protected":false},"featured_media":14808,"template":"","meta":{"_monsterinsights_skip_tracking":false,"_monsterinsights_sitenote_active":false,"_monsterinsights_sitenote_note":"","_monsterinsights_sitenote_category":0},"product_brand":[],"product_cat":[126,155],"product_tag":[],"class_list":{"0":"post-14805","1":"product","2":"type-product","3":"status-publish","4":"has-post-thumbnail","6":"product_cat-body-advance","7":"product_cat-pre-entrenos","9":"first","10":"instock","11":"taxable","12":"shipping-taxable","13":"purchasable","14":"product-type-variable"},"_links":{"self":[{"href":"https:\/\/stayfit.com.ar\/index.php?rest_route=\/wp\/v2\/product\/14805","targetHints":{"allow":["GET"]}}],"collection":[{"href":"https:\/\/stayfit.com.ar\/index.php?rest_route=\/wp\/v2\/product"}],"about":[{"href":"https:\/\/stayfit.com.ar\/index.php?rest_route=\/wp\/v2\/types\/product"}],"wp:featuredmedia":[{"embeddable":true,"href":"https:\/\/stayfit.com.ar\/index.php?rest_route=\/wp\/v2\/media\/14808"}],"wp:attachment":[{"href":"https:\/\/stayfit.com.ar\/index.php?rest_route=%2Fwp%2Fv2%2Fmedia&parent=14805"}],"wp:term":[{"taxonomy":"product_brand","embeddable":true,"href":"https:\/\/stayfit.com.ar\/index.php?rest_route=%2Fwp%2Fv2%2Fproduct_brand&post=14805"},{"taxonomy":"product_cat","embeddable":true,"href":"https:\/\/stayfit.com.ar\/index.php?rest_route=%2Fwp%2Fv2%2Fproduct_cat&post=14805"},{"taxonomy":"product_tag","embeddable":true,"href":"https:\/\/stayfit.com.ar\/index.php?rest_route=%2Fwp%2Fv2%2Fproduct_tag&post=14805"}],"curies":[{"name":"wp","href":"https:\/\/api.w.org\/{rel}","templated":true}]}}