{"id":14812,"date":"2022-10-09T21:05:29","date_gmt":"2022-10-10T00:05:29","guid":{"rendered":"https:\/\/stayfit.com.ar\/?post_type=product&#038;p=14812"},"modified":"2026-04-11T15:51:34","modified_gmt":"2026-04-11T18:51:34","slug":"pre-work-gold-280gr","status":"publish","type":"product","link":"https:\/\/stayfit.com.ar\/?product=pre-work-gold-280gr","title":{"rendered":"PRE WORK GOLD 280gr GOLD NUTRITION"},"content":{"rendered":"<p>DESCRIPCION:<br \/>\nPRE-WORK GOLD\u00a0de\u00a0GOLD NUTRITION\u00a0potencia al m\u00e1ximo la energ\u00eda, la musculatura, y la circulaci\u00f3n sangu\u00ednea, para\u00a0incrementar\u00a0la actividad cardiovascular y la capacidad anaer\u00f3bica.<br \/>\nHemos logrado\u00a0un pre-entreno efic\u00e1z y poderoso!<br \/>\nRealmente\u00a0explosivo, para deportistas que practican cualquier tipo de disciplina deportiva.<br \/>\n\u00a1Pone a prueba\u00a0tu resistencia, energ\u00eda, concentraci\u00f3n y enfoque!<br \/>\nMODO DE USO:<br \/>\nSe recomienda consumir 1\u00a0servicio 30 minutos antes del entrenamiento.<\/p>\n","protected":false},"excerpt":{"rendered":"<p>Polvo para preparar bebida analcoh\u00f3lica energizante con cafe\u00edna y taurina, suplementado con vitaminas, amino\u00e1cidos y extractos de caf\u00e9 verde, t\u00e9 verde, guaran\u00e1 y cayena.<br \/>\n280 GRAMOS |<\/p>\n","protected":false},"featured_media":14814,"template":"","meta":{"_monsterinsights_skip_tracking":false,"_monsterinsights_sitenote_active":false,"_monsterinsights_sitenote_note":"","_monsterinsights_sitenote_category":0},"product_brand":[],"product_cat":[141,155],"product_tag":[],"class_list":{"0":"post-14812","1":"product","2":"type-product","3":"status-publish","4":"has-post-thumbnail","6":"product_cat-gold-nutrition","7":"product_cat-pre-entrenos","9":"first","10":"instock","11":"taxable","12":"shipping-taxable","13":"purchasable","14":"product-type-variable"},"_links":{"self":[{"href":"https:\/\/stayfit.com.ar\/index.php?rest_route=\/wp\/v2\/product\/14812","targetHints":{"allow":["GET"]}}],"collection":[{"href":"https:\/\/stayfit.com.ar\/index.php?rest_route=\/wp\/v2\/product"}],"about":[{"href":"https:\/\/stayfit.com.ar\/index.php?rest_route=\/wp\/v2\/types\/product"}],"wp:featuredmedia":[{"embeddable":true,"href":"https:\/\/stayfit.com.ar\/index.php?rest_route=\/wp\/v2\/media\/14814"}],"wp:attachment":[{"href":"https:\/\/stayfit.com.ar\/index.php?rest_route=%2Fwp%2Fv2%2Fmedia&parent=14812"}],"wp:term":[{"taxonomy":"product_brand","embeddable":true,"href":"https:\/\/stayfit.com.ar\/index.php?rest_route=%2Fwp%2Fv2%2Fproduct_brand&post=14812"},{"taxonomy":"product_cat","embeddable":true,"href":"https:\/\/stayfit.com.ar\/index.php?rest_route=%2Fwp%2Fv2%2Fproduct_cat&post=14812"},{"taxonomy":"product_tag","embeddable":true,"href":"https:\/\/stayfit.com.ar\/index.php?rest_route=%2Fwp%2Fv2%2Fproduct_tag&post=14812"}],"curies":[{"name":"wp","href":"https:\/\/api.w.org\/{rel}","templated":true}]}}