{"id":14821,"date":"2022-10-09T21:22:19","date_gmt":"2022-10-10T00:22:19","guid":{"rendered":"https:\/\/stayfit.com.ar\/?post_type=product&#038;p=14821"},"modified":"2026-03-15T23:01:16","modified_gmt":"2026-03-16T02:01:16","slug":"nitrox-180caps","status":"publish","type":"product","link":"https:\/\/stayfit.com.ar\/?product=nitrox-180caps","title":{"rendered":"NITROX 180caps XTRENGHT"},"content":{"rendered":"<p>DESCRIPCION:<br \/>\nNITROX\u00a0 es un potente generador concentrado de \u00f3xido n\u00edtrico que favorece la llegada de nutrientes y ox\u00edgeno a los m\u00fasculos. Varios estudios demuestran que el \u00f3xido n\u00edtrico produce vasodilataci\u00f3n, aumentando la llegada de ox\u00edgeno y nutrientes a los m\u00fasculos, dando como resultado una mayor congesti\u00f3n, fuerza, recuperaci\u00f3n y crecimiento muscular.<br \/>\nPor eso hemos desarrollado NITROX , que tiene como ingrediente principal Arginina Alfa Cetoglutarato (AKG), un potente generador de \u00f3xido n\u00edtrico. Es un suplemento de elite para deportistas de alta rendici\u00f3n y de los m\u00e1s recomendados en el mercado.<br \/>\nMODO DE USO:<\/p>\n<p>\u00a0tomar de 4 a 6 c\u00e1psulas diarias con el est\u00f3mago vac\u00edo para mejorar su absorci\u00f3n, los mejores momentos son por la ma\u00f1ana y una hora antes del entrenamiento o la cena.\u00a0Consejo:\u00a0Beber 10 vasos de agua al d\u00eda mejora los resultados del producto y mantiene un buen estado de hidrataci\u00f3n corporal.<\/p>\n","protected":false},"excerpt":{"rendered":"<p>Suplemento dietario a base de arginina alpha-ketoglutarato, ornitina alpha-ketoglutarato, l-arginina, niacina y biotina.<br \/>\n180 COMP. | 60 SERV. | 3000MG COMPLEJO N.O. X SERV.<\/p>\n","protected":false},"featured_media":14822,"template":"","meta":{"_monsterinsights_skip_tracking":false,"_monsterinsights_sitenote_active":false,"_monsterinsights_sitenote_note":"","_monsterinsights_sitenote_category":0},"product_brand":[],"product_cat":[156,133],"product_tag":[],"class_list":{"0":"post-14821","1":"product","2":"type-product","3":"status-publish","4":"has-post-thumbnail","6":"product_cat-oxidos-nitricos","7":"product_cat-xtrenght","9":"first","10":"instock","11":"taxable","12":"shipping-taxable","13":"purchasable","14":"product-type-simple"},"_links":{"self":[{"href":"https:\/\/stayfit.com.ar\/index.php?rest_route=\/wp\/v2\/product\/14821","targetHints":{"allow":["GET"]}}],"collection":[{"href":"https:\/\/stayfit.com.ar\/index.php?rest_route=\/wp\/v2\/product"}],"about":[{"href":"https:\/\/stayfit.com.ar\/index.php?rest_route=\/wp\/v2\/types\/product"}],"wp:featuredmedia":[{"embeddable":true,"href":"https:\/\/stayfit.com.ar\/index.php?rest_route=\/wp\/v2\/media\/14822"}],"wp:attachment":[{"href":"https:\/\/stayfit.com.ar\/index.php?rest_route=%2Fwp%2Fv2%2Fmedia&parent=14821"}],"wp:term":[{"taxonomy":"product_brand","embeddable":true,"href":"https:\/\/stayfit.com.ar\/index.php?rest_route=%2Fwp%2Fv2%2Fproduct_brand&post=14821"},{"taxonomy":"product_cat","embeddable":true,"href":"https:\/\/stayfit.com.ar\/index.php?rest_route=%2Fwp%2Fv2%2Fproduct_cat&post=14821"},{"taxonomy":"product_tag","embeddable":true,"href":"https:\/\/stayfit.com.ar\/index.php?rest_route=%2Fwp%2Fv2%2Fproduct_tag&post=14821"}],"curies":[{"name":"wp","href":"https:\/\/api.w.org\/{rel}","templated":true}]}}