{"id":14824,"date":"2022-10-09T21:26:08","date_gmt":"2022-10-10T00:26:08","guid":{"rendered":"https:\/\/stayfit.com.ar\/?post_type=product&#038;p=14824"},"modified":"2026-05-08T00:17:23","modified_gmt":"2026-05-08T03:17:23","slug":"oxido-nitrico-150gr","status":"publish","type":"product","link":"https:\/\/stayfit.com.ar\/?product=oxido-nitrico-150gr","title":{"rendered":"<strong>OXIDO NITRICO 150gr ENA<\/strong>"},"content":{"rendered":"<p>DESCRIPCION:<br \/>\nEl \u00f3xido n\u00edtrico es un compuesto muy importante para la fisiolog\u00eda de nuestro organismo. Act\u00faa como vasodilatador haciendo que la sangre circule a mayor velocidad, aumentando as\u00ed el aporte de ox\u00edgeno y de nutrientes a los m\u00fasculos. Esto permite mejorar el rendimiento durante el entrenamiento, la recuperaci\u00f3n del m\u00fasculo y el aumento de su capacidad de crecimiento.<br \/>\nMODO DE USO:<br \/>\nPod\u00e9s consumirlo mezclando una porci\u00f3n (7 g) en 200 cm3 de agua, 30\u00a0 a 60 minutos antes del entrenamiento.<\/p>\n","protected":false},"excerpt":{"rendered":"<p>Suplemento dietario a base de arginina alpha-ketoglutarato, ornitina alpha-ketoglutarato, l-arginina, niacina y biotina.<br \/>\nPotente vaso dilatador de masa muscular, r\u00e1pida recuperaci\u00f3n.<br \/>\nF\u00f3rmula precursora de \u00f3xido n\u00edtrico, elaborado con arginina alfa ceto glutarato, ornitina y glucosa.<\/p>\n","protected":false},"featured_media":21212,"template":"","meta":{"_monsterinsights_skip_tracking":false,"_monsterinsights_sitenote_active":false,"_monsterinsights_sitenote_note":"","_monsterinsights_sitenote_category":0},"product_brand":[],"product_cat":[137,156],"product_tag":[],"class_list":{"0":"post-14824","1":"product","2":"type-product","3":"status-publish","4":"has-post-thumbnail","6":"product_cat-ena","7":"product_cat-oxidos-nitricos","9":"first","10":"instock","11":"taxable","12":"shipping-taxable","13":"purchasable","14":"product-type-variable"},"_links":{"self":[{"href":"https:\/\/stayfit.com.ar\/index.php?rest_route=\/wp\/v2\/product\/14824","targetHints":{"allow":["GET"]}}],"collection":[{"href":"https:\/\/stayfit.com.ar\/index.php?rest_route=\/wp\/v2\/product"}],"about":[{"href":"https:\/\/stayfit.com.ar\/index.php?rest_route=\/wp\/v2\/types\/product"}],"wp:featuredmedia":[{"embeddable":true,"href":"https:\/\/stayfit.com.ar\/index.php?rest_route=\/wp\/v2\/media\/21212"}],"wp:attachment":[{"href":"https:\/\/stayfit.com.ar\/index.php?rest_route=%2Fwp%2Fv2%2Fmedia&parent=14824"}],"wp:term":[{"taxonomy":"product_brand","embeddable":true,"href":"https:\/\/stayfit.com.ar\/index.php?rest_route=%2Fwp%2Fv2%2Fproduct_brand&post=14824"},{"taxonomy":"product_cat","embeddable":true,"href":"https:\/\/stayfit.com.ar\/index.php?rest_route=%2Fwp%2Fv2%2Fproduct_cat&post=14824"},{"taxonomy":"product_tag","embeddable":true,"href":"https:\/\/stayfit.com.ar\/index.php?rest_route=%2Fwp%2Fv2%2Fproduct_tag&post=14824"}],"curies":[{"name":"wp","href":"https:\/\/api.w.org\/{rel}","templated":true}]}}