{"id":14831,"date":"2022-10-09T21:35:52","date_gmt":"2022-10-10T00:35:52","guid":{"rendered":"https:\/\/stayfit.com.ar\/?post_type=product&#038;p=14831"},"modified":"2026-04-11T15:51:29","modified_gmt":"2026-04-11T18:51:29","slug":"zma-60caps","status":"publish","type":"product","link":"https:\/\/stayfit.com.ar\/?product=zma-60caps","title":{"rendered":"ZMA 60caps GOLD NUTRITION"},"content":{"rendered":"<p>DESCRIPCION:<br \/>\nPromueve\u00a0la hipertrofia muscular y aumenta la fuerza.<br \/>\nZMA\u00a0trabaja en el organismo elevando los niveles de testosterona y del GF-1 (factor de crecimiento).<br \/>\nFavorece la fase de descanso nocturno, contribuyendo a conciliar un sue\u00f1o m\u00e1s reparador y confortable.<\/p>\n<p>Reduce el cortisol para establecer un estado de relajaci\u00f3n, mejorando la respuesta al estr\u00e9s.<br \/>\nMODO DE USO:<\/p>\n<p>Se recomienda tomar (2) dos c\u00e1psulas (una porci\u00f3n) al d\u00eda.<br \/>\n30 a 60 minutos antes de irse a dormir, acompa\u00f1ado de un vaso de agua.<\/p>\n","protected":false},"excerpt":{"rendered":"<p>Suplemento diet\u00e9tico a base de Zinc Monometionina Aspartato, Magnesio Aspartato y Vitamina B6.<br \/>\n60 C\u00c1PSULAS\u00a0AUMENTA LA FUERZA Y LA POTENCIA MUSCULAR<\/p>\n","protected":false},"featured_media":14833,"template":"","meta":{"_monsterinsights_skip_tracking":false,"_monsterinsights_sitenote_active":false,"_monsterinsights_sitenote_note":"","_monsterinsights_sitenote_category":0},"product_brand":[],"product_cat":[141,157],"product_tag":[],"class_list":{"0":"post-14831","1":"product","2":"type-product","3":"status-publish","4":"has-post-thumbnail","6":"product_cat-gold-nutrition","7":"product_cat-pro-hormonales","9":"first","10":"instock","11":"taxable","12":"shipping-taxable","13":"purchasable","14":"product-type-simple"},"_links":{"self":[{"href":"https:\/\/stayfit.com.ar\/index.php?rest_route=\/wp\/v2\/product\/14831","targetHints":{"allow":["GET"]}}],"collection":[{"href":"https:\/\/stayfit.com.ar\/index.php?rest_route=\/wp\/v2\/product"}],"about":[{"href":"https:\/\/stayfit.com.ar\/index.php?rest_route=\/wp\/v2\/types\/product"}],"wp:featuredmedia":[{"embeddable":true,"href":"https:\/\/stayfit.com.ar\/index.php?rest_route=\/wp\/v2\/media\/14833"}],"wp:attachment":[{"href":"https:\/\/stayfit.com.ar\/index.php?rest_route=%2Fwp%2Fv2%2Fmedia&parent=14831"}],"wp:term":[{"taxonomy":"product_brand","embeddable":true,"href":"https:\/\/stayfit.com.ar\/index.php?rest_route=%2Fwp%2Fv2%2Fproduct_brand&post=14831"},{"taxonomy":"product_cat","embeddable":true,"href":"https:\/\/stayfit.com.ar\/index.php?rest_route=%2Fwp%2Fv2%2Fproduct_cat&post=14831"},{"taxonomy":"product_tag","embeddable":true,"href":"https:\/\/stayfit.com.ar\/index.php?rest_route=%2Fwp%2Fv2%2Fproduct_tag&post=14831"}],"curies":[{"name":"wp","href":"https:\/\/api.w.org\/{rel}","templated":true}]}}