{"id":14835,"date":"2022-10-09T21:47:42","date_gmt":"2022-10-10T00:47:42","guid":{"rendered":"https:\/\/stayfit.com.ar\/?post_type=product&#038;p=14835"},"modified":"2026-04-07T23:47:32","modified_gmt":"2026-04-08T02:47:32","slug":"colageno-sport-407gr","status":"publish","type":"product","link":"https:\/\/stayfit.com.ar\/?product=colageno-sport-407gr","title":{"rendered":"<strong>COLAGENO SPORT 407gr ENA<\/strong>"},"content":{"rendered":"<p>DESCRIPCION:<br \/>\nLa suplementaci\u00f3n con 10 g de col\u00e1geno hidrolizado (p\u00e9ptidos bio-activos) y 500 mg de vitamina c es ideal para aumentar la s\u00edntesis del tejido conectivo, como por ejemplo ligamentos y tendones. La ingesta diaria y peri\u00f3dica de COLAGENO SPORT limita las molestias, as\u00ed como el riesgo de lesiones relacionadas con las articulaciones, estimulando las c\u00e9lulas locales para que produzcan m\u00e1s fibras de col\u00e1geno. Es por esta raz\u00f3n que en el marco del alto rendimiento deportivo se convierte en una herramienta clave para prevenir y rehabilitar lesiones en estos tipos de tejidos.<br \/>\nMODO DE USO:<br \/>\nDisolver 1 scoop bien colmado (aprox. 13.54 g) en un vaso de agua a temperatura ambiente (200 ml). Revolver unos minutos hasta su completa disoluci\u00f3n. Consumir en cualquier momento del d\u00eda.<\/p>\n","protected":false},"excerpt":{"rendered":"<p>COLAGENO SPORT contiene por dosis 10 g de col\u00e1geno hidrolizado, 500 mg de vitamina C, magn\u00e9sio, c\u00farcuma y \u00e1cido hialur\u00f3nico.<\/p>\n","protected":false},"featured_media":14837,"template":"","meta":{"_monsterinsights_skip_tracking":false,"_monsterinsights_sitenote_active":false,"_monsterinsights_sitenote_note":"","_monsterinsights_sitenote_category":0},"product_brand":[],"product_cat":[158,137],"product_tag":[],"class_list":{"0":"post-14835","1":"product","2":"type-product","3":"status-publish","4":"has-post-thumbnail","6":"product_cat-colagenos","7":"product_cat-ena","9":"first","10":"instock","11":"taxable","12":"shipping-taxable","13":"purchasable","14":"product-type-variable"},"_links":{"self":[{"href":"https:\/\/stayfit.com.ar\/index.php?rest_route=\/wp\/v2\/product\/14835","targetHints":{"allow":["GET"]}}],"collection":[{"href":"https:\/\/stayfit.com.ar\/index.php?rest_route=\/wp\/v2\/product"}],"about":[{"href":"https:\/\/stayfit.com.ar\/index.php?rest_route=\/wp\/v2\/types\/product"}],"wp:featuredmedia":[{"embeddable":true,"href":"https:\/\/stayfit.com.ar\/index.php?rest_route=\/wp\/v2\/media\/14837"}],"wp:attachment":[{"href":"https:\/\/stayfit.com.ar\/index.php?rest_route=%2Fwp%2Fv2%2Fmedia&parent=14835"}],"wp:term":[{"taxonomy":"product_brand","embeddable":true,"href":"https:\/\/stayfit.com.ar\/index.php?rest_route=%2Fwp%2Fv2%2Fproduct_brand&post=14835"},{"taxonomy":"product_cat","embeddable":true,"href":"https:\/\/stayfit.com.ar\/index.php?rest_route=%2Fwp%2Fv2%2Fproduct_cat&post=14835"},{"taxonomy":"product_tag","embeddable":true,"href":"https:\/\/stayfit.com.ar\/index.php?rest_route=%2Fwp%2Fv2%2Fproduct_tag&post=14835"}],"curies":[{"name":"wp","href":"https:\/\/api.w.org\/{rel}","templated":true}]}}