{"id":14861,"date":"2022-10-09T22:09:51","date_gmt":"2022-10-10T01:09:51","guid":{"rendered":"https:\/\/stayfit.com.ar\/?post_type=product&#038;p=14861"},"modified":"2026-02-17T12:27:43","modified_gmt":"2026-02-17T15:27:43","slug":"veggie-10-unidades","status":"publish","type":"product","link":"https:\/\/stayfit.com.ar\/?product=veggie-10-unidades","title":{"rendered":"<strong>VEGGIE BAR 10 unidades GENTECH<\/strong>"},"content":{"rendered":"<p>INGREDIENTES:<br \/>\nProteina de arr\u00f3z, jarabe de isomalto-oligosac\u00e1ridos, ba\u00f1o de reposter\u00eda\u00a0diet\u00e9tica aromatizado con vainilla: (aceite vegetal hidrogenado, polvo de cacao, aspartame 100 mg \/ 100 g, polidextrosa, lecitina, aromatizante vainilla) pasta de man\u00ed, jarabe de maltitol, texturizado de aislado de prote\u00edna de soja: (aislado de prote\u00edna de soja, cacao alcalino, almid\u00f3n de mandioca), polidextrosa, vitamina c, vitamina e, vitamina b3, \u00e1cido pantot\u00e9nico, vitamina b2, vitamina b6, vitamina b1, vitamina a, \u00e1cido f\u00f3lico, biotina, vitamina d, vitamina b12, col: ins 150\u00aa, ARO: Cacao.<br \/>\nCONTIENE DERIVADOS DE SOJA Y MANI. PUEDE CONTENER DERIVADOS<br \/>\nDE LECHE Y HUEVOS. CONTIENE FENILALANINA.<br \/>\nMODO DE USO:<br \/>\n1 Barra diaria<br \/>\n\u2022 No utilizar en caso de embarazo, lactancia, ni en ni\u00f1os.<br \/>\n\u2022 Mantener fuera del alcance de los ni\u00f1os.<br \/>\n\u2022 Consulte a su m\u00e9dico.<\/p>\n","protected":false},"excerpt":{"rendered":"<p>Las barras proteicas VeggieBar de Gentech son ideales para las personas veganas con 18grs de prote\u00edna de arveja y con el agregado de vitamina B12. Probalas!<\/p>\n","protected":false},"featured_media":14864,"template":"","meta":{"_monsterinsights_skip_tracking":false,"_monsterinsights_sitenote_active":false,"_monsterinsights_sitenote_note":"","_monsterinsights_sitenote_category":0},"product_brand":[],"product_cat":[159,147,196],"product_tag":[],"class_list":{"0":"post-14861","1":"product","2":"type-product","3":"status-publish","4":"has-post-thumbnail","6":"product_cat-barras-de-proteina","7":"product_cat-gentech","8":"product_cat-vegan","10":"first","11":"instock","12":"taxable","13":"shipping-taxable","14":"purchasable","15":"product-type-variable"},"_links":{"self":[{"href":"https:\/\/stayfit.com.ar\/index.php?rest_route=\/wp\/v2\/product\/14861","targetHints":{"allow":["GET"]}}],"collection":[{"href":"https:\/\/stayfit.com.ar\/index.php?rest_route=\/wp\/v2\/product"}],"about":[{"href":"https:\/\/stayfit.com.ar\/index.php?rest_route=\/wp\/v2\/types\/product"}],"wp:featuredmedia":[{"embeddable":true,"href":"https:\/\/stayfit.com.ar\/index.php?rest_route=\/wp\/v2\/media\/14864"}],"wp:attachment":[{"href":"https:\/\/stayfit.com.ar\/index.php?rest_route=%2Fwp%2Fv2%2Fmedia&parent=14861"}],"wp:term":[{"taxonomy":"product_brand","embeddable":true,"href":"https:\/\/stayfit.com.ar\/index.php?rest_route=%2Fwp%2Fv2%2Fproduct_brand&post=14861"},{"taxonomy":"product_cat","embeddable":true,"href":"https:\/\/stayfit.com.ar\/index.php?rest_route=%2Fwp%2Fv2%2Fproduct_cat&post=14861"},{"taxonomy":"product_tag","embeddable":true,"href":"https:\/\/stayfit.com.ar\/index.php?rest_route=%2Fwp%2Fv2%2Fproduct_tag&post=14861"}],"curies":[{"name":"wp","href":"https:\/\/api.w.org\/{rel}","templated":true}]}}