{"id":15714,"date":"2022-12-11T18:48:17","date_gmt":"2022-12-11T21:48:17","guid":{"rendered":"https:\/\/stayfit.com.ar\/?post_type=product&#038;p=15714"},"modified":"2026-05-13T22:40:01","modified_gmt":"2026-05-14T01:40:01","slug":"100-whey-ripped-1360gr","status":"publish","type":"product","link":"https:\/\/stayfit.com.ar\/?product=100-whey-ripped-1360gr","title":{"rendered":"100% WHEY RIPPED 907gr GOLD NUTRITION"},"content":{"rendered":"<p>DESCRIPCION:<br \/>\nLa Matr\u00edz combinada de Prote\u00ednas y Quema grasas de WHEY RIPPED aportan:<\/p>\n<p>28gs de Prote\u00ednas* de suero l\u00e1cteo con alto valor biol\u00f3gico, encargada de aumentar la masa muscular aportando un optimo equilibrio de amino\u00e1cidos escenciales (EAAS) y amino\u00e1cidos de cadena ramificada (BCAA).<br \/>\n280mg de L-Carnitina* la mol\u00e9cula imprescindible para quemar grasas. El objetivo principal de la L-Carnitina es acelerar el proceso de oxidaci\u00f3n de \u00e1cidos grasos para generar mayor energ\u00eda.<br \/>\n210mg de Garcinia Cambogia* Entre las principales caracter\u00edsticas de esta maravillosa planta podemos mencionar que ayuda a reducir la grasa acumulada en el tejido adiposo, aumenta la sensaci\u00f3n de saciedad, colabora en eliminar el estre\u00f1imiento y tiene propiedades antiinflamatorias.<br \/>\n525mg de Taurina*, debido a su acci\u00f3n en el crecimiento de las fibras musculares, la Taurina es un amino\u00e1cido de vital importancia dentro de la alimentaci\u00f3n deportiva.<br \/>\n49mg de Cafe\u00edna*Estimula el sistema nervioso central, por lo tanto el estado de \u00e1nimo y dar\u00e1 un impulso de energ\u00eda y sensaci\u00f3n de tener menos fatiga al retrasarla.<\/p>\n<p>Cero azucar, endulzada con stevia y baja en carbohidratos.<\/p>\n<p>MODO DE USO:<br \/>\nDiluir en un shaker GOLD NUTRITION 1 medida \u201ccolmada\u201d 35gs. en 150ml o 200ml de agua o leche descremada.<br \/>\nVar\u00ede la cantidad de l\u00edquido para lograr el sabor y la consistencia deseada<br \/>\nBatir y consumir.<\/p>\n","protected":false},"excerpt":{"rendered":"<p>Suplemento diet\u00e9tico en polvo para preparar bebida a base de prote\u00ednas de suero.<br \/>\n2 LIBRAS |\u00a030 SERVICIOS\u00a0|\u00a025GR DE PROTE\u00cdNA X SERV.<\/p>\n","protected":false},"featured_media":15718,"template":"","meta":{"_monsterinsights_skip_tracking":false,"_monsterinsights_sitenote_active":false,"_monsterinsights_sitenote_note":"","_monsterinsights_sitenote_category":0},"product_brand":[],"product_cat":[141,146],"product_tag":[],"class_list":{"0":"post-15714","1":"product","2":"type-product","3":"status-publish","4":"has-post-thumbnail","6":"product_cat-gold-nutrition","7":"product_cat-proteinas","9":"first","10":"instock","11":"taxable","12":"shipping-taxable","13":"product-type-variable"},"_links":{"self":[{"href":"https:\/\/stayfit.com.ar\/index.php?rest_route=\/wp\/v2\/product\/15714","targetHints":{"allow":["GET"]}}],"collection":[{"href":"https:\/\/stayfit.com.ar\/index.php?rest_route=\/wp\/v2\/product"}],"about":[{"href":"https:\/\/stayfit.com.ar\/index.php?rest_route=\/wp\/v2\/types\/product"}],"wp:featuredmedia":[{"embeddable":true,"href":"https:\/\/stayfit.com.ar\/index.php?rest_route=\/wp\/v2\/media\/15718"}],"wp:attachment":[{"href":"https:\/\/stayfit.com.ar\/index.php?rest_route=%2Fwp%2Fv2%2Fmedia&parent=15714"}],"wp:term":[{"taxonomy":"product_brand","embeddable":true,"href":"https:\/\/stayfit.com.ar\/index.php?rest_route=%2Fwp%2Fv2%2Fproduct_brand&post=15714"},{"taxonomy":"product_cat","embeddable":true,"href":"https:\/\/stayfit.com.ar\/index.php?rest_route=%2Fwp%2Fv2%2Fproduct_cat&post=15714"},{"taxonomy":"product_tag","embeddable":true,"href":"https:\/\/stayfit.com.ar\/index.php?rest_route=%2Fwp%2Fv2%2Fproduct_tag&post=15714"}],"curies":[{"name":"wp","href":"https:\/\/api.w.org\/{rel}","templated":true}]}}