{"id":15729,"date":"2022-12-11T19:01:07","date_gmt":"2022-12-11T22:01:07","guid":{"rendered":"https:\/\/stayfit.com.ar\/?post_type=product&#038;p=15729"},"modified":"2026-04-09T21:48:24","modified_gmt":"2026-04-10T00:48:24","slug":"just-plant-2lbs","status":"publish","type":"product","link":"https:\/\/stayfit.com.ar\/?product=just-plant-2lbs","title":{"rendered":"JUST PLANT 2lbs STAR NUTRITION SABOR Neutro"},"content":{"rendered":"<p>DESCRIPCION: Compuesta por ultra concentrado de suero de m\u00e1xima pureza, obtenida por m\u00e9todos no agresivos que garantizan la calidad y estabilidad del producto.<br \/>\nSin endulzantes, colorantes ni saborizantes solo 100% concentrado de prote\u00ednas<br \/>\n100% NATURAL GRASS FED PROTEIN<br \/>\nFuente natural de amino\u00e1cidos, amino\u00e1cidos de cadena ramificada y Glutamina.<br \/>\nMODO DE USO: Diluir 1 medida (30g) de just Whey en 200cm3 de agua o leche descremada.<br \/>\nConsumir 1 hora antes del entrenamiento, luego del mismo o simplemente en cualquier momento del d\u00eda para alcanzar tus necesidades proteicas.<\/p>\n","protected":false},"excerpt":{"rendered":"<p>Suplemento diet\u00e9tico en polvo diet\u00e9tico para preparar bebida a base de prote\u00ednas de suero.<br \/>\n2 LIBRAS |\u00a030 SERVICIOS\u00a0|\u00a025GR DE PROTE\u00cdNA X SERV.<\/p>\n","protected":false},"featured_media":16635,"template":"","meta":{"_monsterinsights_skip_tracking":false,"_monsterinsights_sitenote_active":false,"_monsterinsights_sitenote_note":"","_monsterinsights_sitenote_category":0},"product_brand":[],"product_cat":[146,129,196],"product_tag":[],"class_list":{"0":"post-15729","1":"product","2":"type-product","3":"status-publish","4":"has-post-thumbnail","6":"product_cat-proteinas","7":"product_cat-star-nutrition","8":"product_cat-vegan","10":"first","11":"instock","12":"taxable","13":"shipping-taxable","14":"purchasable","15":"product-type-simple"},"_links":{"self":[{"href":"https:\/\/stayfit.com.ar\/index.php?rest_route=\/wp\/v2\/product\/15729","targetHints":{"allow":["GET"]}}],"collection":[{"href":"https:\/\/stayfit.com.ar\/index.php?rest_route=\/wp\/v2\/product"}],"about":[{"href":"https:\/\/stayfit.com.ar\/index.php?rest_route=\/wp\/v2\/types\/product"}],"wp:featuredmedia":[{"embeddable":true,"href":"https:\/\/stayfit.com.ar\/index.php?rest_route=\/wp\/v2\/media\/16635"}],"wp:attachment":[{"href":"https:\/\/stayfit.com.ar\/index.php?rest_route=%2Fwp%2Fv2%2Fmedia&parent=15729"}],"wp:term":[{"taxonomy":"product_brand","embeddable":true,"href":"https:\/\/stayfit.com.ar\/index.php?rest_route=%2Fwp%2Fv2%2Fproduct_brand&post=15729"},{"taxonomy":"product_cat","embeddable":true,"href":"https:\/\/stayfit.com.ar\/index.php?rest_route=%2Fwp%2Fv2%2Fproduct_cat&post=15729"},{"taxonomy":"product_tag","embeddable":true,"href":"https:\/\/stayfit.com.ar\/index.php?rest_route=%2Fwp%2Fv2%2Fproduct_tag&post=15729"}],"curies":[{"name":"wp","href":"https:\/\/api.w.org\/{rel}","templated":true}]}}