{"id":15747,"date":"2022-12-11T19:38:54","date_gmt":"2022-12-11T22:38:54","guid":{"rendered":"https:\/\/stayfit.com.ar\/?post_type=product&#038;p=15747"},"modified":"2026-04-11T15:51:29","modified_gmt":"2026-04-11T18:51:29","slug":"hmb-ultra-concentrated","status":"publish","type":"product","link":"https:\/\/stayfit.com.ar\/?product=hmb-ultra-concentrated","title":{"rendered":"HMB 60caps GOLD NUTRITION"},"content":{"rendered":"<p>El\u00a0HMB\u00a0(\u03b2-hidroxi-\u03b2-metilbutirato) es un\u00a0metabolito de L-leucina, amino\u00e1cido esencial, el cual junto a L-valina y L-isoleucina forman parte de los conocidos BCAA (aminoacidos ramificados).<br \/>\nHMB\u00ae\u00a0Gold Nutrition\u00ae te permite acceder a la m\u00e1xima biodisponibilidad del metabolito,\u00a0al contener en cada\u00a0servicio\u00a0750\u00a0mg de\u00a0HMB.<\/p>\n<p>Adem\u00e1s, es apto para la mayor\u00eda de los deportistas al ser un producto vegetariano y no contener gluten ni lactosa en su composici\u00f3n.<br \/>\nMODO DE USO: Se recomienda consumir 2 c\u00e1psulas (1 porci\u00f3n) de HMB\u00ae por d\u00eda, acompa\u00f1ado de un vaso con agua.<br \/>\nPreferentemente por la ma\u00f1ana, antes o durante la comida.<\/p>\n","protected":false},"excerpt":{"rendered":"<p>DENOMINACI\u00d3N:<br \/>\nHMB\u00ae\u00a0\u03b2-hidroxy-\u03b2-metilbutirato,<br \/>\nEst\u00e1 recomendado para personas f\u00edsicamente activas y atletas de alto rendimiento.<br \/>\n60 C\u00c1P.\u00a0<\/p>\n","protected":false},"featured_media":15748,"template":"","meta":{"_monsterinsights_skip_tracking":false,"_monsterinsights_sitenote_active":false,"_monsterinsights_sitenote_note":"","_monsterinsights_sitenote_category":0},"product_brand":[],"product_cat":[141,165],"product_tag":[142,144],"class_list":{"0":"post-15747","1":"product","2":"type-product","3":"status-publish","4":"has-post-thumbnail","6":"product_cat-gold-nutrition","7":"product_cat-recuperador-muscular","8":"product_tag-aminoacidos-gold-nutrition","9":"product_tag-bcaa-2000","11":"first","12":"instock","13":"taxable","14":"shipping-taxable","15":"purchasable","16":"product-type-simple"},"_links":{"self":[{"href":"https:\/\/stayfit.com.ar\/index.php?rest_route=\/wp\/v2\/product\/15747","targetHints":{"allow":["GET"]}}],"collection":[{"href":"https:\/\/stayfit.com.ar\/index.php?rest_route=\/wp\/v2\/product"}],"about":[{"href":"https:\/\/stayfit.com.ar\/index.php?rest_route=\/wp\/v2\/types\/product"}],"wp:featuredmedia":[{"embeddable":true,"href":"https:\/\/stayfit.com.ar\/index.php?rest_route=\/wp\/v2\/media\/15748"}],"wp:attachment":[{"href":"https:\/\/stayfit.com.ar\/index.php?rest_route=%2Fwp%2Fv2%2Fmedia&parent=15747"}],"wp:term":[{"taxonomy":"product_brand","embeddable":true,"href":"https:\/\/stayfit.com.ar\/index.php?rest_route=%2Fwp%2Fv2%2Fproduct_brand&post=15747"},{"taxonomy":"product_cat","embeddable":true,"href":"https:\/\/stayfit.com.ar\/index.php?rest_route=%2Fwp%2Fv2%2Fproduct_cat&post=15747"},{"taxonomy":"product_tag","embeddable":true,"href":"https:\/\/stayfit.com.ar\/index.php?rest_route=%2Fwp%2Fv2%2Fproduct_tag&post=15747"}],"curies":[{"name":"wp","href":"https:\/\/api.w.org\/{rel}","templated":true}]}}