{"id":15753,"date":"2022-12-11T19:57:10","date_gmt":"2022-12-11T22:57:10","guid":{"rendered":"https:\/\/stayfit.com.ar\/?post_type=product&#038;p=15753"},"modified":"2026-04-07T23:47:28","modified_gmt":"2026-04-08T02:47:28","slug":"beta-alanine-60caps","status":"publish","type":"product","link":"https:\/\/stayfit.com.ar\/?product=beta-alanine-60caps","title":{"rendered":"BETA ALANINE 60caps ENA"},"content":{"rendered":"<p>Una ingesta de Beta Alanine te provee de 3 grs de pura BETA ALANINA, para que logres entrenar m\u00e1s duro y m\u00e1s fuerte de lo que nunca pensaste. La suplementaci\u00f3n con Beta Alanina aumenta la concentraci\u00f3n de carnosina en los m\u00fasculos. Beta Alanine te llevar\u00e1 al pr\u00f3ximo nivel. Para aquellos que siempre tienen una frontera que cruzar, un l\u00edmite que superar, un meta que demoler y m\u00e1s para lograr.<br \/>\nMODO DE USO: \u00a0Consumir 4 tabletas (ingesta m\u00e1xima) por d\u00eda 30 minutos antes de los entrenamientos.<\/p>\n","protected":false},"excerpt":{"rendered":"<p>DENOMINACI\u00d3N:<br \/>\nSuplemento dietario a base de Alanina<br \/>\n60C\u00c1P.\u00a0<\/p>\n","protected":false},"featured_media":15755,"template":"","meta":{"_monsterinsights_skip_tracking":false,"_monsterinsights_sitenote_active":false,"_monsterinsights_sitenote_note":"","_monsterinsights_sitenote_category":0},"product_brand":[],"product_cat":[166,137],"product_tag":[142,144],"class_list":{"0":"post-15753","1":"product","2":"type-product","3":"status-publish","4":"has-post-thumbnail","6":"product_cat-beta-alanina","7":"product_cat-ena","8":"product_tag-aminoacidos-gold-nutrition","9":"product_tag-bcaa-2000","11":"first","12":"instock","13":"taxable","14":"shipping-taxable","15":"purchasable","16":"product-type-simple"},"_links":{"self":[{"href":"https:\/\/stayfit.com.ar\/index.php?rest_route=\/wp\/v2\/product\/15753","targetHints":{"allow":["GET"]}}],"collection":[{"href":"https:\/\/stayfit.com.ar\/index.php?rest_route=\/wp\/v2\/product"}],"about":[{"href":"https:\/\/stayfit.com.ar\/index.php?rest_route=\/wp\/v2\/types\/product"}],"wp:featuredmedia":[{"embeddable":true,"href":"https:\/\/stayfit.com.ar\/index.php?rest_route=\/wp\/v2\/media\/15755"}],"wp:attachment":[{"href":"https:\/\/stayfit.com.ar\/index.php?rest_route=%2Fwp%2Fv2%2Fmedia&parent=15753"}],"wp:term":[{"taxonomy":"product_brand","embeddable":true,"href":"https:\/\/stayfit.com.ar\/index.php?rest_route=%2Fwp%2Fv2%2Fproduct_brand&post=15753"},{"taxonomy":"product_cat","embeddable":true,"href":"https:\/\/stayfit.com.ar\/index.php?rest_route=%2Fwp%2Fv2%2Fproduct_cat&post=15753"},{"taxonomy":"product_tag","embeddable":true,"href":"https:\/\/stayfit.com.ar\/index.php?rest_route=%2Fwp%2Fv2%2Fproduct_tag&post=15753"}],"curies":[{"name":"wp","href":"https:\/\/api.w.org\/{rel}","templated":true}]}}