{"id":15756,"date":"2022-12-11T20:02:41","date_gmt":"2022-12-11T23:02:41","guid":{"rendered":"https:\/\/stayfit.com.ar\/?post_type=product&#038;p=15756"},"modified":"2026-03-15T23:01:16","modified_gmt":"2026-03-16T02:01:16","slug":"beta-alanina-180-caps","status":"publish","type":"product","link":"https:\/\/stayfit.com.ar\/?product=beta-alanina-180-caps","title":{"rendered":"BETA ALANINA 180caps XTRENGHT"},"content":{"rendered":"<p>Es un suplemento imprescindible en las preparaciones para las competencias de elite y alto rendimiento.<br \/>\nDurante los entrenamientos intensos se produce acumulaci\u00f3n de \u00e1cido l\u00e1ctico, que provoca fatiga muscular y p\u00e9rdida de fuerza. Para que esto no afecte tu entrenamiento, decidimos lanzar al mercado BETA ALANINE \u00ae. \u00bfC\u00f3mo te ayuda? Incrementando los niveles de carnosina, una sustancia encargada de neutralizar el exceso de \u00e1cido l\u00e1ctico muscular. Recomendado para deportes de fuerza y resistencia<br \/>\nMODO DE USO: tomar 4 c\u00e1psulas por d\u00eda, en tomas separadas, durante ocho semanas. Pasado esos dos meses, tomar 2 c\u00e1psulas por d\u00eda durante 30 d\u00edas. Luego volver a comenzar.<\/p>\n","protected":false},"excerpt":{"rendered":"<p>DENOMINACI\u00d3N:<br \/>\nSuplemento dietario a base de Alanina<br \/>\n180 C\u00c1P.\u00a0<\/p>\n","protected":false},"featured_media":15757,"template":"","meta":{"_monsterinsights_skip_tracking":false,"_monsterinsights_sitenote_active":false,"_monsterinsights_sitenote_note":"","_monsterinsights_sitenote_category":0},"product_brand":[],"product_cat":[166,133],"product_tag":[],"class_list":{"0":"post-15756","1":"product","2":"type-product","3":"status-publish","4":"has-post-thumbnail","6":"product_cat-beta-alanina","7":"product_cat-xtrenght","9":"first","10":"instock","11":"taxable","12":"shipping-taxable","13":"purchasable","14":"product-type-simple"},"_links":{"self":[{"href":"https:\/\/stayfit.com.ar\/index.php?rest_route=\/wp\/v2\/product\/15756","targetHints":{"allow":["GET"]}}],"collection":[{"href":"https:\/\/stayfit.com.ar\/index.php?rest_route=\/wp\/v2\/product"}],"about":[{"href":"https:\/\/stayfit.com.ar\/index.php?rest_route=\/wp\/v2\/types\/product"}],"wp:featuredmedia":[{"embeddable":true,"href":"https:\/\/stayfit.com.ar\/index.php?rest_route=\/wp\/v2\/media\/15757"}],"wp:attachment":[{"href":"https:\/\/stayfit.com.ar\/index.php?rest_route=%2Fwp%2Fv2%2Fmedia&parent=15756"}],"wp:term":[{"taxonomy":"product_brand","embeddable":true,"href":"https:\/\/stayfit.com.ar\/index.php?rest_route=%2Fwp%2Fv2%2Fproduct_brand&post=15756"},{"taxonomy":"product_cat","embeddable":true,"href":"https:\/\/stayfit.com.ar\/index.php?rest_route=%2Fwp%2Fv2%2Fproduct_cat&post=15756"},{"taxonomy":"product_tag","embeddable":true,"href":"https:\/\/stayfit.com.ar\/index.php?rest_route=%2Fwp%2Fv2%2Fproduct_tag&post=15756"}],"curies":[{"name":"wp","href":"https:\/\/api.w.org\/{rel}","templated":true}]}}