{"id":15761,"date":"2022-12-11T20:51:25","date_gmt":"2022-12-11T23:51:25","guid":{"rendered":"https:\/\/stayfit.com.ar\/?post_type=product&#038;p=15761"},"modified":"2026-03-27T09:22:29","modified_gmt":"2026-03-27T12:22:29","slug":"ripped-v8-60caps","status":"publish","type":"product","link":"https:\/\/stayfit.com.ar\/?product=ripped-v8-60caps","title":{"rendered":"RIPPED V8 60caps STAR NUTRITION"},"content":{"rendered":"<p>DESCRIPCION:<br \/>\nRipped V8 es el nuevo producto de Star Nutrition con una f\u00f3rmula 100% renovada.<br \/>\nContiene los 8 ingredientes activos que necesitas para entrenar intensamente, por m\u00e1s tiempo, con mayor volumen de sangre en los m\u00fasculos y s\u00faper motivado.<br \/>\nAdem\u00e1s es muy bajo en calor\u00edas y tiene un sabor delicioso y refrescante.<br \/>\nSin ingredientes de relleno.<br \/>\nMODO DE USO:<br \/>\nConsumir 2 c\u00e1psulas diarias o como lo indique su m\u00e9dico.<\/p>\n","protected":false},"excerpt":{"rendered":"<p>Suplemento dietario a base de extractos vegetales y vitaminas, en c\u00e1psulas.<br \/>\n600 CAP. | 30 SERV. | 6 EXT. NATURALES<\/p>\n","protected":false},"featured_media":15762,"template":"","meta":{"_monsterinsights_skip_tracking":false,"_monsterinsights_sitenote_active":false,"_monsterinsights_sitenote_note":"","_monsterinsights_sitenote_category":0},"product_brand":[],"product_cat":[152,129],"product_tag":[],"class_list":{"0":"post-15761","1":"product","2":"type-product","3":"status-publish","4":"has-post-thumbnail","6":"product_cat-quemadores","7":"product_cat-star-nutrition","9":"first","10":"instock","11":"taxable","12":"shipping-taxable","13":"product-type-simple"},"_links":{"self":[{"href":"https:\/\/stayfit.com.ar\/index.php?rest_route=\/wp\/v2\/product\/15761","targetHints":{"allow":["GET"]}}],"collection":[{"href":"https:\/\/stayfit.com.ar\/index.php?rest_route=\/wp\/v2\/product"}],"about":[{"href":"https:\/\/stayfit.com.ar\/index.php?rest_route=\/wp\/v2\/types\/product"}],"wp:featuredmedia":[{"embeddable":true,"href":"https:\/\/stayfit.com.ar\/index.php?rest_route=\/wp\/v2\/media\/15762"}],"wp:attachment":[{"href":"https:\/\/stayfit.com.ar\/index.php?rest_route=%2Fwp%2Fv2%2Fmedia&parent=15761"}],"wp:term":[{"taxonomy":"product_brand","embeddable":true,"href":"https:\/\/stayfit.com.ar\/index.php?rest_route=%2Fwp%2Fv2%2Fproduct_brand&post=15761"},{"taxonomy":"product_cat","embeddable":true,"href":"https:\/\/stayfit.com.ar\/index.php?rest_route=%2Fwp%2Fv2%2Fproduct_cat&post=15761"},{"taxonomy":"product_tag","embeddable":true,"href":"https:\/\/stayfit.com.ar\/index.php?rest_route=%2Fwp%2Fv2%2Fproduct_tag&post=15761"}],"curies":[{"name":"wp","href":"https:\/\/api.w.org\/{rel}","templated":true}]}}