{"id":15764,"date":"2022-12-11T20:56:49","date_gmt":"2022-12-11T23:56:49","guid":{"rendered":"https:\/\/stayfit.com.ar\/?post_type=product&#038;p=15764"},"modified":"2026-04-11T15:51:29","modified_gmt":"2026-04-11T18:51:29","slug":"lipo-burn-120caps","status":"publish","type":"product","link":"https:\/\/stayfit.com.ar\/?product=lipo-burn-120caps","title":{"rendered":"LIPO BURN 120caps GOLD NUTRITION"},"content":{"rendered":"<p>DESCRIPCION:<br \/>\nEl destructor de grasas que ya conoc\u00edas, pero mejorado.<br \/>\nNuevo LIPO BURN HARDCORE!<br \/>\nNueva f\u00f3rmula quemadora de grasa de r\u00e1pida acci\u00f3n, ahora en c\u00e1psulas que te proporciona un torrente de energ\u00eda termog\u00e9nica.<br \/>\nMODO DE USO:<br \/>\nSe recomienda tomar 2\u00a0c\u00e1p.\u00a030min. antes del desayuno y 2\u00a0caps. 30min. antes del almuerzo. En caso de que el peso corporal sea superior a los 90kg, se recomienda tomar 2\u00a0caps.\u00a0por la tarde.<\/p>\n","protected":false},"excerpt":{"rendered":"<p>Suplemento dietario a base de extractos vegetales y vitaminas, en c\u00e1psulas.<br \/>\n120 CAP. | 6 EXT. NATURALES<\/p>\n","protected":false},"featured_media":15766,"template":"","meta":{"_monsterinsights_skip_tracking":false,"_monsterinsights_sitenote_active":false,"_monsterinsights_sitenote_note":"","_monsterinsights_sitenote_category":0},"product_brand":[],"product_cat":[141,152],"product_tag":[],"class_list":{"0":"post-15764","1":"product","2":"type-product","3":"status-publish","4":"has-post-thumbnail","6":"product_cat-gold-nutrition","7":"product_cat-quemadores","9":"first","10":"instock","11":"taxable","12":"shipping-taxable","13":"purchasable","14":"product-type-simple"},"_links":{"self":[{"href":"https:\/\/stayfit.com.ar\/index.php?rest_route=\/wp\/v2\/product\/15764","targetHints":{"allow":["GET"]}}],"collection":[{"href":"https:\/\/stayfit.com.ar\/index.php?rest_route=\/wp\/v2\/product"}],"about":[{"href":"https:\/\/stayfit.com.ar\/index.php?rest_route=\/wp\/v2\/types\/product"}],"wp:featuredmedia":[{"embeddable":true,"href":"https:\/\/stayfit.com.ar\/index.php?rest_route=\/wp\/v2\/media\/15766"}],"wp:attachment":[{"href":"https:\/\/stayfit.com.ar\/index.php?rest_route=%2Fwp%2Fv2%2Fmedia&parent=15764"}],"wp:term":[{"taxonomy":"product_brand","embeddable":true,"href":"https:\/\/stayfit.com.ar\/index.php?rest_route=%2Fwp%2Fv2%2Fproduct_brand&post=15764"},{"taxonomy":"product_cat","embeddable":true,"href":"https:\/\/stayfit.com.ar\/index.php?rest_route=%2Fwp%2Fv2%2Fproduct_cat&post=15764"},{"taxonomy":"product_tag","embeddable":true,"href":"https:\/\/stayfit.com.ar\/index.php?rest_route=%2Fwp%2Fv2%2Fproduct_tag&post=15764"}],"curies":[{"name":"wp","href":"https:\/\/api.w.org\/{rel}","templated":true}]}}