{"id":15771,"date":"2022-12-11T21:45:00","date_gmt":"2022-12-12T00:45:00","guid":{"rendered":"https:\/\/stayfit.com.ar\/?post_type=product&#038;p=15771"},"modified":"2025-11-24T14:48:46","modified_gmt":"2025-11-24T17:48:46","slug":"cla-1000-omega-6-60caps","status":"publish","type":"product","link":"https:\/\/stayfit.com.ar\/?product=cla-1000-omega-6-60caps","title":{"rendered":"<strong>CLA 1000\/ OMEGA 6 60caps BODY ADVANCE<\/strong>"},"content":{"rendered":"<p>El CLA es una mezcla de distintos is\u00f3meros del \u00e1cido linoleico, principalmente is\u00f3meros geom\u00e9tricos y de posici\u00f3n que se encuentran en la carne y en productos l\u00e1cteos.<br \/>\nEs conocido por sus efectos para fomentar la reducci\u00f3n de tejido adiposo por medio de un aumento en el metabolismo basal, y regulando las reacciones metab\u00f3licas en los receptores moleculares que inciden directamente en la formaci\u00f3n de la masa grasa.<br \/>\nSus principales beneficios son:<br \/>\n&#8211; Favorece la eliminaci\u00f3n de grasas y evita su acumulaci\u00f3n.<br \/>\n&#8211; Previene el catabolismo muscular.<br \/>\n&#8211; Mantiene la masa muscular.<br \/>\n&#8211; Es libre de estimulantes.<br \/>\n&#8211; Es de r\u00e1pida absorci\u00f3n.<br \/>\nModo de Uso de CLA:<br \/>\nConsumir 1 c\u00e1psula blanda dos veces al dia. Preferentemente una hora antes de las comidas o seg\u00fan lo indique su medico.<\/p>\n","protected":false},"excerpt":{"rendered":"<p>Presentaci\u00f3n CLA 1000 body advance:<br \/>\n&#8211; Contenido: 60 c\u00e1psulas.<br \/>\n&#8211; Porci\u00f3n: 1 c\u00e1psulas.<\/p>\n","protected":false},"featured_media":15774,"template":"","meta":{"_monsterinsights_skip_tracking":false,"_monsterinsights_sitenote_active":false,"_monsterinsights_sitenote_note":"","_monsterinsights_sitenote_category":0},"product_brand":[],"product_cat":[126,167],"product_tag":[],"class_list":{"0":"post-15771","1":"product","2":"type-product","3":"status-publish","4":"has-post-thumbnail","6":"product_cat-body-advance","7":"product_cat-cla","9":"first","10":"instock","11":"taxable","12":"shipping-taxable","13":"product-type-simple"},"_links":{"self":[{"href":"https:\/\/stayfit.com.ar\/index.php?rest_route=\/wp\/v2\/product\/15771","targetHints":{"allow":["GET"]}}],"collection":[{"href":"https:\/\/stayfit.com.ar\/index.php?rest_route=\/wp\/v2\/product"}],"about":[{"href":"https:\/\/stayfit.com.ar\/index.php?rest_route=\/wp\/v2\/types\/product"}],"wp:featuredmedia":[{"embeddable":true,"href":"https:\/\/stayfit.com.ar\/index.php?rest_route=\/wp\/v2\/media\/15774"}],"wp:attachment":[{"href":"https:\/\/stayfit.com.ar\/index.php?rest_route=%2Fwp%2Fv2%2Fmedia&parent=15771"}],"wp:term":[{"taxonomy":"product_brand","embeddable":true,"href":"https:\/\/stayfit.com.ar\/index.php?rest_route=%2Fwp%2Fv2%2Fproduct_brand&post=15771"},{"taxonomy":"product_cat","embeddable":true,"href":"https:\/\/stayfit.com.ar\/index.php?rest_route=%2Fwp%2Fv2%2Fproduct_cat&post=15771"},{"taxonomy":"product_tag","embeddable":true,"href":"https:\/\/stayfit.com.ar\/index.php?rest_route=%2Fwp%2Fv2%2Fproduct_tag&post=15771"}],"curies":[{"name":"wp","href":"https:\/\/api.w.org\/{rel}","templated":true}]}}