{"id":15775,"date":"2022-12-11T21:55:29","date_gmt":"2022-12-12T00:55:29","guid":{"rendered":"https:\/\/stayfit.com.ar\/?post_type=product&#038;p=15775"},"modified":"2025-11-24T18:15:09","modified_gmt":"2025-11-24T21:15:09","slug":"lipolitic-cla-1000-60caps","status":"publish","type":"product","link":"https:\/\/stayfit.com.ar\/?product=lipolitic-cla-1000-60caps","title":{"rendered":"LIPOLITIC CLA 1000 60caps GENTECH"},"content":{"rendered":"<p>El poder termog\u00e9nico ayuda a convertir su cuerpo en un incinerador de grasa Brinda energ\u00eda para a entrenar duro, retrasa el cansancio y genera motivaci\u00f3n para seguir haci\u00e9ndolo. 60 c\u00e1psulas<br \/>\nSus principales beneficios son:<br \/>\n&#8211; Favorece la eliminaci\u00f3n de grasas y evita su acumulaci\u00f3n.<br \/>\n&#8211; Previene el catabolismo muscular.<br \/>\n&#8211; Mantiene la masa muscular.<br \/>\n&#8211; Es libre de estimulantes.<br \/>\n&#8211; Es de r\u00e1pida absorci\u00f3n.<br \/>\nModo de Uso de CLA:<br \/>\nEstos suplementos,\u00a0 para que funcionen y hagan su labor correctamente, se debe completar con una dieta saludable y ejercicio f\u00edsico. Son una gran ayuda para que el metabolismo elimine las grasas del cuerpo.\u00a0INGREDIENTES\u00a0Acido linoleico conjugado\u00a0Uso sugerido\u00a02 Capsulas por d\u00eda.<\/p>\n","protected":false},"excerpt":{"rendered":"<p>Presentaci\u00f3n CLA 1000 GENTECH:<br \/>\n&#8211; Contenido: 60 c\u00e1psulas.<br \/>\n&#8211; Porci\u00f3n: 1 c\u00e1psula.<\/p>\n","protected":false},"featured_media":15776,"template":"","meta":{"_monsterinsights_skip_tracking":false,"_monsterinsights_sitenote_active":false,"_monsterinsights_sitenote_note":"","_monsterinsights_sitenote_category":0},"product_brand":[],"product_cat":[167,147],"product_tag":[],"class_list":{"0":"post-15775","1":"product","2":"type-product","3":"status-publish","4":"has-post-thumbnail","6":"product_cat-cla","7":"product_cat-gentech","9":"first","10":"instock","11":"taxable","12":"shipping-taxable","13":"product-type-simple"},"_links":{"self":[{"href":"https:\/\/stayfit.com.ar\/index.php?rest_route=\/wp\/v2\/product\/15775","targetHints":{"allow":["GET"]}}],"collection":[{"href":"https:\/\/stayfit.com.ar\/index.php?rest_route=\/wp\/v2\/product"}],"about":[{"href":"https:\/\/stayfit.com.ar\/index.php?rest_route=\/wp\/v2\/types\/product"}],"wp:featuredmedia":[{"embeddable":true,"href":"https:\/\/stayfit.com.ar\/index.php?rest_route=\/wp\/v2\/media\/15776"}],"wp:attachment":[{"href":"https:\/\/stayfit.com.ar\/index.php?rest_route=%2Fwp%2Fv2%2Fmedia&parent=15775"}],"wp:term":[{"taxonomy":"product_brand","embeddable":true,"href":"https:\/\/stayfit.com.ar\/index.php?rest_route=%2Fwp%2Fv2%2Fproduct_brand&post=15775"},{"taxonomy":"product_cat","embeddable":true,"href":"https:\/\/stayfit.com.ar\/index.php?rest_route=%2Fwp%2Fv2%2Fproduct_cat&post=15775"},{"taxonomy":"product_tag","embeddable":true,"href":"https:\/\/stayfit.com.ar\/index.php?rest_route=%2Fwp%2Fv2%2Fproduct_tag&post=15775"}],"curies":[{"name":"wp","href":"https:\/\/api.w.org\/{rel}","templated":true}]}}